{"id":30366,"date":"2018-12-04T12:16:54","date_gmt":"2018-12-04T11:16:54","guid":{"rendered":"https:\/\/radwag-merleg.hu\/product\/as-r-analytical-balances\/"},"modified":"2026-01-14T19:15:30","modified_gmt":"2026-01-14T18:15:30","slug":"as-r-analytical-balances","status":"publish","type":"product","link":"https:\/\/radwag-merleg.hu\/hu\/termek\/as-r-analytical-balances\/","title":{"rendered":"MINT R ANALITIKAI M\u00c9RLEGEK"},"content":{"rendered":"<h3>A TERM\u00c9K LE\u00cdR\u00c1SA<\/h3>\n<p>&nbsp;<\/p>\n<p><span style=\"color: #fdb819; font-weight: bold;\">K\u00e9rj\u00fck, haszn\u00e1lja a fenti modellv\u00e1laszt\u00f3t a term\u00e9k le\u00edr\u00e1s\u00e1nak megtekint\u00e9s\u00e9hez.<\/span><\/p>\n","protected":false},"excerpt":{"rendered":"<p>A TERM\u00c9K LE\u00cdR\u00c1SA &nbsp; K\u00e9rj\u00fck, haszn\u00e1lja a fenti modellv\u00e1laszt\u00f3t a term\u00e9k le\u00edr\u00e1s\u00e1nak megtekint\u00e9s\u00e9hez.<\/p>\n","protected":false},"featured_media":30245,"template":"","meta":{"ngg_post_thumbnail":0},"gallery_images":[130,131,132,133],"yoast_head":"<!-- This site is optimized with the Yoast SEO Premium plugin v15.6.2 - https:\/\/yoast.com\/wordpress\/plugins\/seo\/ -->\n<title>MINT R ANALITIKAI M\u00c9RLEGEK - Radwag m\u00e9rlegek<\/title>\n<meta name=\"description\" content=\"Az AS.R sorozat az analitikai m\u00e9rlegek \u00faj standard szintj\u00e9t k\u00e9pviseli. Modern, j\u00f3l olvashat\u00f3 LCD kijelz\u0151vel rendelkezik, amely lehet\u0151v\u00e9 teszi a m\u00e9r\u00e9si eredm\u00e9ny egy\u00e9rtelm\u0171bb megjelen\u00edt\u00e9s\u00e9t. A kijelz\u0151 \u00faj sz\u00f6veges inform\u00e1ci\u00f3s sorral rendelkezik, amely tov\u00e1bbi \u00fczeneteket \u00e9s adatokat, pl. a term\u00e9k nev\u00e9t vagy a tara\u00e9rt\u00e9ket jelen\u00edti meg. Ezen k\u00edv\u00fcl az \u00faj R sorozat\u00fa m\u00e9rleg nagysz\u00e1m\u00fa piktogramot haszn\u00e1l az akt\u00edv munkam\u00f3d, az internetkapcsolat, az akkumul\u00e1tor t\u00f6lt\u00f6tts\u00e9gi szintje, a m\u00e9rleg szervizfunkci\u00f3inak jelz\u00e9s\u00e9re. A m\u00e9r\u00e9si egys\u00e9gek sz\u00e1ma is megn\u0151tt. A m\u00e9rleg pontoss\u00e1g\u00e1t \u00e9s a m\u00e9r\u00e9si pontoss\u00e1got az automatikus bels\u0151 be\u00e1ll\u00edt\u00e1s biztos\u00edtja, amely elemzi ah\u0151m\u00e9rs\u00e9klet-v\u00e1ltoz\u00e1sokat \u00e9s az id\u0151\u00e1raml\u00e1st. Az AS.R sorozat\u00fa m\u00e9rleg t\u00f6bb kommunik\u00e1ci\u00f3s interf\u00e9sszel rendelkezik: 2 x RS 232, A t\u00edpus\u00fa USB, B t\u00edpus\u00fa USB \u00e9s opcion\u00e1lis vezet\u00e9k n\u00e9lk\u00fcli kapcsolat. A m\u00e9rleg USB interf\u00e9szen kereszt\u00fcl egy\u00fcttm\u0171k\u00f6dhet a sz\u00e1m\u00edt\u00f3g\u00e9ppel, felt\u00e9ve, hogy kieg\u00e9sz\u00edt\u0151 szoftver van telep\u00edtve (megfelel\u0151 illeszt\u0151program). Az eml\u00edtett illeszt\u0151program let\u00f6lthet\u0151 a RADWAG weboldal\u00e1r\u00f3l. A h\u00e1z m\u0171anyagb\u00f3l k\u00e9sz\u00fclt, a serpeny\u0151 pedig rozsdamentes ac\u00e9lb\u00f3l. Az \u00faj AS.R sorozat\u00fa m\u00e9rlegben az inform\u00e1ci\u00f3s rendszer 5 adatb\u00e1zison alapul, ami lehet\u0151v\u00e9 teszi, hogy t\u00f6bb felhaszn\u00e1l\u00f3 t\u00f6bb term\u00e9kadatb\u00e1zissal dolgozzon, \u00e9s a regisztr\u00e1lt m\u00e9r\u00e9si eredm\u00e9nyek tov\u00e1bbi elemz\u00e9s t\u00e1rgy\u00e1t k\u00e9pezhetik. Az adatok 5 adatb\u00e1zisban ker\u00fclnek regisztr\u00e1l\u00e1sra: felhaszn\u00e1l\u00f3k (legfeljebb 100 felhaszn\u00e1l\u00f3), term\u00e9kek (legfeljebb 1000 term\u00e9k), m\u00e9rlegel\u00e9sek (legfeljebb 5000 m\u00e9rlegel\u00e9s), tara (legfeljebb 100 tara), ALIBI mem\u00f3ria (legfeljebb 100 000 m\u00e9rlegel\u00e9s). A rendszeren bel\u00fcl k\u00e9tir\u00e1ny\u00fa adatcsere van a gyors USB-csatlakoz\u00f3nak k\u00f6sz\u00f6nhet\u0151en. Az \u00faj m\u00e9rleg lehet\u0151v\u00e9 teszi az adatb\u00e1zisok import\u00e1l\u00e1s\u00e1t \u00e9s export\u00e1l\u00e1s\u00e1t USB pendrive seg\u00edts\u00e9g\u00e9vel.\" \/>\n<meta name=\"robots\" content=\"index, follow, max-snippet:-1, max-image-preview:large, max-video-preview:-1\" \/>\n<link rel=\"canonical\" href=\"https:\/\/radwag-merleg.hu\/hu\/termek\/as-r-analytical-balances\/\" \/>\n<meta property=\"og:locale\" content=\"hu_HU\" \/>\n<meta property=\"og:type\" content=\"article\" \/>\n<meta property=\"og:title\" content=\"MINT R ANALITIKAI M\u00c9RLEGEK - Radwag m\u00e9rlegek\" \/>\n<meta property=\"og:description\" content=\"Az AS.R sorozat az analitikai m\u00e9rlegek \u00faj standard szintj\u00e9t k\u00e9pviseli. Modern, j\u00f3l olvashat\u00f3 LCD kijelz\u0151vel rendelkezik, amely lehet\u0151v\u00e9 teszi a m\u00e9r\u00e9si eredm\u00e9ny egy\u00e9rtelm\u0171bb megjelen\u00edt\u00e9s\u00e9t. A kijelz\u0151 \u00faj sz\u00f6veges inform\u00e1ci\u00f3s sorral rendelkezik, amely tov\u00e1bbi \u00fczeneteket \u00e9s adatokat, pl. a term\u00e9k nev\u00e9t vagy a tara\u00e9rt\u00e9ket jelen\u00edti meg. Ezen k\u00edv\u00fcl az \u00faj R sorozat\u00fa m\u00e9rleg nagysz\u00e1m\u00fa piktogramot haszn\u00e1l az akt\u00edv munkam\u00f3d, az internetkapcsolat, az akkumul\u00e1tor t\u00f6lt\u00f6tts\u00e9gi szintje, a m\u00e9rleg szervizfunkci\u00f3inak jelz\u00e9s\u00e9re. A m\u00e9r\u00e9si egys\u00e9gek sz\u00e1ma is megn\u0151tt. A m\u00e9rleg pontoss\u00e1g\u00e1t \u00e9s a m\u00e9r\u00e9si pontoss\u00e1got az automatikus bels\u0151 be\u00e1ll\u00edt\u00e1s biztos\u00edtja, amely elemzi ah\u0151m\u00e9rs\u00e9klet-v\u00e1ltoz\u00e1sokat \u00e9s az id\u0151\u00e1raml\u00e1st. Az AS.R sorozat\u00fa m\u00e9rleg t\u00f6bb kommunik\u00e1ci\u00f3s interf\u00e9sszel rendelkezik: 2 x RS 232, A t\u00edpus\u00fa USB, B t\u00edpus\u00fa USB \u00e9s opcion\u00e1lis vezet\u00e9k n\u00e9lk\u00fcli kapcsolat. A m\u00e9rleg USB interf\u00e9szen kereszt\u00fcl egy\u00fcttm\u0171k\u00f6dhet a sz\u00e1m\u00edt\u00f3g\u00e9ppel, felt\u00e9ve, hogy kieg\u00e9sz\u00edt\u0151 szoftver van telep\u00edtve (megfelel\u0151 illeszt\u0151program). Az eml\u00edtett illeszt\u0151program let\u00f6lthet\u0151 a RADWAG weboldal\u00e1r\u00f3l. A h\u00e1z m\u0171anyagb\u00f3l k\u00e9sz\u00fclt, a serpeny\u0151 pedig rozsdamentes ac\u00e9lb\u00f3l. Az \u00faj AS.R sorozat\u00fa m\u00e9rlegben az inform\u00e1ci\u00f3s rendszer 5 adatb\u00e1zison alapul, ami lehet\u0151v\u00e9 teszi, hogy t\u00f6bb felhaszn\u00e1l\u00f3 t\u00f6bb term\u00e9kadatb\u00e1zissal dolgozzon, \u00e9s a regisztr\u00e1lt m\u00e9r\u00e9si eredm\u00e9nyek tov\u00e1bbi elemz\u00e9s t\u00e1rgy\u00e1t k\u00e9pezhetik. Az adatok 5 adatb\u00e1zisban ker\u00fclnek regisztr\u00e1l\u00e1sra: felhaszn\u00e1l\u00f3k (legfeljebb 100 felhaszn\u00e1l\u00f3), term\u00e9kek (legfeljebb 1000 term\u00e9k), m\u00e9rlegel\u00e9sek (legfeljebb 5000 m\u00e9rlegel\u00e9s), tara (legfeljebb 100 tara), ALIBI mem\u00f3ria (legfeljebb 100 000 m\u00e9rlegel\u00e9s). A rendszeren bel\u00fcl k\u00e9tir\u00e1ny\u00fa adatcsere van a gyors USB-csatlakoz\u00f3nak k\u00f6sz\u00f6nhet\u0151en. Az \u00faj m\u00e9rleg lehet\u0151v\u00e9 teszi az adatb\u00e1zisok import\u00e1l\u00e1s\u00e1t \u00e9s export\u00e1l\u00e1s\u00e1t USB pendrive seg\u00edts\u00e9g\u00e9vel.\" \/>\n<meta property=\"og:url\" content=\"https:\/\/radwag-merleg.hu\/hu\/termek\/as-r-analytical-balances\/\" \/>\n<meta property=\"og:site_name\" content=\"Radwag m\u00e9rlegek\" \/>\n<meta property=\"article:modified_time\" content=\"2026-01-14T18:15:30+00:00\" \/>\n<meta property=\"og:image\" content=\"https:\/\/radwag-merleg.hu\/wp-content\/uploads\/sites\/3\/2018\/12\/emalog_radwag_laboratory-balances_labor-merlegek_analytical_balance_analitikai-merleg_ps3y-c-4.jpg\" \/>\n\t<meta property=\"og:image:width\" content=\"800\" \/>\n\t<meta property=\"og:image:height\" content=\"800\" \/>\n<meta name=\"twitter:card\" content=\"summary_large_image\" \/>\n<meta name=\"twitter:label1\" content=\"Availability\">\n\t<meta name=\"twitter:data1\" content=\"Out of stock\">\n<script type=\"application\/ld+json\" class=\"yoast-schema-graph\">{\"@context\":\"https:\/\/schema.org\",\"@graph\":[{\"@type\":\"Organization\",\"@id\":\"https:\/\/radwag-merleg.hu\/hu\/#organization\",\"name\":\"EMALOG Kft.\",\"url\":\"https:\/\/radwag-merleg.hu\/hu\/\",\"sameAs\":[],\"logo\":{\"@type\":\"ImageObject\",\"@id\":\"https:\/\/radwag-merleg.hu\/hu\/#logo\",\"inLanguage\":\"hu\",\"url\":\"https:\/\/radwag-merleg.hu\/wp-content\/uploads\/sites\/3\/2024\/02\/emalog-yellow.png\",\"width\":600,\"height\":600,\"caption\":\"EMALOG Kft.\"},\"image\":{\"@id\":\"https:\/\/radwag-merleg.hu\/hu\/#logo\"}},{\"@type\":\"WebSite\",\"@id\":\"https:\/\/radwag-merleg.hu\/hu\/#website\",\"url\":\"https:\/\/radwag-merleg.hu\/hu\/\",\"name\":\"Radwag m\\u00e9rlegek\",\"description\":\"prec\\u00edzi\\u00f3s \\u00e9s analitikai m\\u00e9rlegek az EMALOG Kft. k\\u00edn\\u00e1lat\\u00e1ban\",\"publisher\":{\"@id\":\"https:\/\/radwag-merleg.hu\/hu\/#organization\"},\"potentialAction\":[{\"@type\":\"SearchAction\",\"target\":\"https:\/\/radwag-merleg.hu\/hu\/?s={search_term_string}\",\"query-input\":\"required name=search_term_string\"}],\"inLanguage\":\"hu\"},{\"@type\":\"ImageObject\",\"@id\":\"https:\/\/radwag-merleg.hu\/hu\/termek\/as-r-analytical-balances\/#primaryimage\",\"inLanguage\":\"hu\",\"url\":\"https:\/\/radwag-merleg.hu\/wp-content\/uploads\/sites\/3\/2018\/12\/emalog_radwag_laboratory-balances_labor-merlegek_analytical_balance_analitikai-merleg_ps3y-c-4.jpg\",\"width\":800,\"height\":800},{\"@type\":\"WebPage\",\"@id\":\"https:\/\/radwag-merleg.hu\/hu\/termek\/as-r-analytical-balances\/#webpage\",\"url\":\"https:\/\/radwag-merleg.hu\/hu\/termek\/as-r-analytical-balances\/\",\"name\":\"MINT R ANALITIKAI M\\u00c9RLEGEK - Radwag m\\u00e9rlegek\",\"isPartOf\":{\"@id\":\"https:\/\/radwag-merleg.hu\/hu\/#website\"},\"primaryImageOfPage\":{\"@id\":\"https:\/\/radwag-merleg.hu\/hu\/termek\/as-r-analytical-balances\/#primaryimage\"},\"datePublished\":\"2018-12-04T11:16:54+00:00\",\"dateModified\":\"2026-01-14T18:15:30+00:00\",\"description\":\"Az AS.R sorozat az analitikai m\\u00e9rlegek \\u00faj standard szintj\\u00e9t k\\u00e9pviseli. Modern, j\\u00f3l olvashat\\u00f3 LCD kijelz\\u0151vel rendelkezik, amely lehet\\u0151v\\u00e9 teszi a m\\u00e9r\\u00e9si eredm\\u00e9ny egy\\u00e9rtelm\\u0171bb megjelen\\u00edt\\u00e9s\\u00e9t. A kijelz\\u0151 \\u00faj sz\\u00f6veges inform\\u00e1ci\\u00f3s sorral rendelkezik, amely tov\\u00e1bbi \\u00fczeneteket \\u00e9s adatokat, pl. a term\\u00e9k nev\\u00e9t vagy a tara\\u00e9rt\\u00e9ket jelen\\u00edti meg. Ezen k\\u00edv\\u00fcl az \\u00faj R sorozat\\u00fa m\\u00e9rleg nagysz\\u00e1m\\u00fa piktogramot haszn\\u00e1l az akt\\u00edv munkam\\u00f3d, az internetkapcsolat, az akkumul\\u00e1tor t\\u00f6lt\\u00f6tts\\u00e9gi szintje, a m\\u00e9rleg szervizfunkci\\u00f3inak jelz\\u00e9s\\u00e9re. A m\\u00e9r\\u00e9si egys\\u00e9gek sz\\u00e1ma is megn\\u0151tt. A m\\u00e9rleg pontoss\\u00e1g\\u00e1t \\u00e9s a m\\u00e9r\\u00e9si pontoss\\u00e1got az automatikus bels\\u0151 be\\u00e1ll\\u00edt\\u00e1s biztos\\u00edtja, amely elemzi ah\\u0151m\\u00e9rs\\u00e9klet-v\\u00e1ltoz\\u00e1sokat \\u00e9s az id\\u0151\\u00e1raml\\u00e1st. Az AS.R sorozat\\u00fa m\\u00e9rleg t\\u00f6bb kommunik\\u00e1ci\\u00f3s interf\\u00e9sszel rendelkezik: 2 x RS 232, A t\\u00edpus\\u00fa USB, B t\\u00edpus\\u00fa USB \\u00e9s opcion\\u00e1lis vezet\\u00e9k n\\u00e9lk\\u00fcli kapcsolat. A m\\u00e9rleg USB interf\\u00e9szen kereszt\\u00fcl egy\\u00fcttm\\u0171k\\u00f6dhet a sz\\u00e1m\\u00edt\\u00f3g\\u00e9ppel, felt\\u00e9ve, hogy kieg\\u00e9sz\\u00edt\\u0151 szoftver van telep\\u00edtve (megfelel\\u0151 illeszt\\u0151program). Az eml\\u00edtett illeszt\\u0151program let\\u00f6lthet\\u0151 a RADWAG weboldal\\u00e1r\\u00f3l. A h\\u00e1z m\\u0171anyagb\\u00f3l k\\u00e9sz\\u00fclt, a serpeny\\u0151 pedig rozsdamentes ac\\u00e9lb\\u00f3l. Az \\u00faj AS.R sorozat\\u00fa m\\u00e9rlegben az inform\\u00e1ci\\u00f3s rendszer 5 adatb\\u00e1zison alapul, ami lehet\\u0151v\\u00e9 teszi, hogy t\\u00f6bb felhaszn\\u00e1l\\u00f3 t\\u00f6bb term\\u00e9kadatb\\u00e1zissal dolgozzon, \\u00e9s a regisztr\\u00e1lt m\\u00e9r\\u00e9si eredm\\u00e9nyek tov\\u00e1bbi elemz\\u00e9s t\\u00e1rgy\\u00e1t k\\u00e9pezhetik. Az adatok 5 adatb\\u00e1zisban ker\\u00fclnek regisztr\\u00e1l\\u00e1sra: felhaszn\\u00e1l\\u00f3k (legfeljebb 100 felhaszn\\u00e1l\\u00f3), term\\u00e9kek (legfeljebb 1000 term\\u00e9k), m\\u00e9rlegel\\u00e9sek (legfeljebb 5000 m\\u00e9rlegel\\u00e9s), tara (legfeljebb 100 tara), ALIBI mem\\u00f3ria (legfeljebb 100 000 m\\u00e9rlegel\\u00e9s). A rendszeren bel\\u00fcl k\\u00e9tir\\u00e1ny\\u00fa adatcsere van a gyors USB-csatlakoz\\u00f3nak k\\u00f6sz\\u00f6nhet\\u0151en. Az \\u00faj m\\u00e9rleg lehet\\u0151v\\u00e9 teszi az adatb\\u00e1zisok import\\u00e1l\\u00e1s\\u00e1t \\u00e9s export\\u00e1l\\u00e1s\\u00e1t USB pendrive seg\\u00edts\\u00e9g\\u00e9vel.\",\"inLanguage\":\"hu\",\"potentialAction\":[{\"@type\":\"ReadAction\",\"target\":[\"https:\/\/radwag-merleg.hu\/hu\/termek\/as-r-analytical-balances\/\"]}]}]}<\/script>\n<!-- \/ Yoast SEO Premium plugin. -->","_links":{"self":[{"href":"https:\/\/radwag-merleg.hu\/hu\/wp-json\/wp\/v2\/product\/30366"}],"collection":[{"href":"https:\/\/radwag-merleg.hu\/hu\/wp-json\/wp\/v2\/product"}],"about":[{"href":"https:\/\/radwag-merleg.hu\/hu\/wp-json\/wp\/v2\/types\/product"}],"wp:featuredmedia":[{"embeddable":true,"href":"https:\/\/radwag-merleg.hu\/hu\/wp-json\/wp\/v2\/media\/30245"}],"wp:attachment":[{"href":"https:\/\/radwag-merleg.hu\/hu\/wp-json\/wp\/v2\/media?parent=30366"}],"curies":[{"name":"wp","href":"https:\/\/api.w.org\/{rel}","templated":true}]}}