{"id":30331,"date":"2018-12-04T11:36:47","date_gmt":"2018-12-04T10:36:47","guid":{"rendered":"https:\/\/radwag-merleg.hu\/product\/pm-4y-precizios-merlegek\/"},"modified":"2018-12-04T11:36:47","modified_gmt":"2018-12-04T10:36:47","slug":"pm-4y-precizios-merlegek","status":"publish","type":"product","link":"https:\/\/radwag-merleg.hu\/hu\/termek\/pm-4y-precizios-merlegek\/","title":{"rendered":"PM 4Y PREC\u00cdZI\u00d3S M\u00c9RLEGEK"},"content":{"rendered":"<h3>A TERM\u00c9K LE\u00cdR\u00c1SA<\/h3>\n<p><\/p>\n<p><span style=\"color: #fdb819; font-weight: bold;\">K\u00e9rj\u00fck, haszn\u00e1lja a fenti modellv\u00e1laszt\u00f3t a term\u00e9k le\u00edr\u00e1s\u00e1nak megtekint\u00e9s\u00e9hez.<\/span><\/p>\n","protected":false},"excerpt":{"rendered":"<p>A TERM\u00c9K LE\u00cdR\u00c1SA K\u00e9rj\u00fck, haszn\u00e1lja a fenti modellv\u00e1laszt\u00f3t a term\u00e9k le\u00edr\u00e1s\u00e1nak megtekint\u00e9s\u00e9hez.<\/p>\n","protected":false},"featured_media":30334,"template":"","meta":{"ngg_post_thumbnail":0},"gallery_images":[98,99,100,228,229,230],"yoast_head":"<!-- This site is optimized with the Yoast SEO Premium plugin v15.6.2 - https:\/\/yoast.com\/wordpress\/plugins\/seo\/ -->\n<title>PM 4Y PREC\u00cdZI\u00d3S M\u00c9RLEGEK - Radwag m\u00e9rlegek<\/title>\n<meta name=\"description\" content=\"A PM sorozat\u00fa m\u00e9rlegek a RADWAG MonoBLOCK technol\u00f3gi\u00e1n alapul\u00f3 innovat\u00edv m\u00e9r\u0151rendszerrel vannak felszerelve. Ez lehet\u0151v\u00e9 teszi a 0,01g-os leolvashat\u00f3s\u00e1got 15 kg-os kapacit\u00e1sn\u00e1l, \u00e9s a 0,1g-os leolvashat\u00f3s\u00e1got 50 kg-os kapacit\u00e1sn\u00e1l. Az \u00faj m\u00e9r\u0151rendszer haszn\u00e1lata, amely a RADWAG szabadalm\u00e1nak t\u00e1rgy\u00e1t k\u00e9pezi, garant\u00e1lja a megism\u00e9telhet\u0151s\u00e9g id\u0151beli stabilit\u00e1s\u00e1t sd&lt;1d tartom\u00e1nyban. Az egyed\u00fcl\u00e1ll\u00f3 m\u00e9r\u0151rendszer-megold\u00e1st a k\u00f6rnyezeti felt\u00e9telek v\u00e1ltoz\u00e1s\u00e1val szembeni nagyfok\u00fa ellen\u00e1ll\u00f3 k\u00e9pess\u00e9g jellemzi. A be\u00e9p\u00edtett 4 pontos v\u00e9delmi rendszer megakad\u00e1lyozza a m\u00e9rleg t\u00falterhel\u00e9s\u00e9t, ami biztons\u00e1got ny\u00fajt abban az esetben, ha t\u00fal nagy terhel\u00e9st helyeznek a m\u00e9r\u0151ed\u00e9nyre. \u00a0 F\u0151bb jellemz\u0151k: \u00faj RADWAG MonoBLOCK \u00e9rz\u00e9kel\u0151; a kijelz\u00e9sek p\u00e1ratlan megism\u00e9telhet\u0151s\u00e9ge; neh\u00e9z terhek m\u00e9r\u00e9se maxim\u00e1lis pontoss\u00e1ggal; sz\u00ednes \u00e9rint\u0151k\u00e9perny\u0151vel garant\u00e1lt intuit\u00edv kezel\u00e9s; a CFR21-nek val\u00f3 megfelel\u00e9s; gyors t\u00f6megm\u00e9r\u00e9s; robusztus mechanikai kialak\u00edt\u00e1s - \u00faj, alacsonyabb m\u00e9r\u00e9si platform; jav\u00edtott ergon\u00f3mia - k\u00e9tf\u00e9le m\u00e9r\u00e9si termin\u00e1l v\u00e1laszthat\u00f3. A m\u00e9rleg lehet\u0151v\u00e9 teszi a terhek m\u00e9r\u00e9s\u00e9t a m\u00e9r\u0151\u00e1llv\u00e1nyon k\u00edv\u00fcl (\u00fan. alulm\u00e9rlegel\u00e9s). Ez alternat\u00edv\u00e1t jelent a nem szabv\u00e1nyos m\u00e9ret\u0171 \u00e9s form\u00e1j\u00fa vagy m\u00e1gneses mez\u0151t gener\u00e1l\u00f3 terhek m\u00e9rlegel\u00e9s\u00e9hez.\" \/>\n<meta name=\"robots\" content=\"index, follow, max-snippet:-1, max-image-preview:large, max-video-preview:-1\" \/>\n<link rel=\"canonical\" href=\"https:\/\/radwag-merleg.hu\/hu\/termek\/pm-4y-precizios-merlegek\/\" \/>\n<meta property=\"og:locale\" content=\"hu_HU\" \/>\n<meta property=\"og:type\" content=\"article\" \/>\n<meta property=\"og:title\" content=\"PM 4Y PREC\u00cdZI\u00d3S M\u00c9RLEGEK - Radwag m\u00e9rlegek\" \/>\n<meta property=\"og:description\" content=\"A PM sorozat\u00fa m\u00e9rlegek a RADWAG MonoBLOCK technol\u00f3gi\u00e1n alapul\u00f3 innovat\u00edv m\u00e9r\u0151rendszerrel vannak felszerelve. Ez lehet\u0151v\u00e9 teszi a 0,01g-os leolvashat\u00f3s\u00e1got 15 kg-os kapacit\u00e1sn\u00e1l, \u00e9s a 0,1g-os leolvashat\u00f3s\u00e1got 50 kg-os kapacit\u00e1sn\u00e1l. Az \u00faj m\u00e9r\u0151rendszer haszn\u00e1lata, amely a RADWAG szabadalm\u00e1nak t\u00e1rgy\u00e1t k\u00e9pezi, garant\u00e1lja a megism\u00e9telhet\u0151s\u00e9g id\u0151beli stabilit\u00e1s\u00e1t sd&lt;1d tartom\u00e1nyban. Az egyed\u00fcl\u00e1ll\u00f3 m\u00e9r\u0151rendszer-megold\u00e1st a k\u00f6rnyezeti felt\u00e9telek v\u00e1ltoz\u00e1s\u00e1val szembeni nagyfok\u00fa ellen\u00e1ll\u00f3 k\u00e9pess\u00e9g jellemzi. A be\u00e9p\u00edtett 4 pontos v\u00e9delmi rendszer megakad\u00e1lyozza a m\u00e9rleg t\u00falterhel\u00e9s\u00e9t, ami biztons\u00e1got ny\u00fajt abban az esetben, ha t\u00fal nagy terhel\u00e9st helyeznek a m\u00e9r\u0151ed\u00e9nyre. \u00a0 F\u0151bb jellemz\u0151k: \u00faj RADWAG MonoBLOCK \u00e9rz\u00e9kel\u0151; a kijelz\u00e9sek p\u00e1ratlan megism\u00e9telhet\u0151s\u00e9ge; neh\u00e9z terhek m\u00e9r\u00e9se maxim\u00e1lis pontoss\u00e1ggal; sz\u00ednes \u00e9rint\u0151k\u00e9perny\u0151vel garant\u00e1lt intuit\u00edv kezel\u00e9s; a CFR21-nek val\u00f3 megfelel\u00e9s; gyors t\u00f6megm\u00e9r\u00e9s; robusztus mechanikai kialak\u00edt\u00e1s - \u00faj, alacsonyabb m\u00e9r\u00e9si platform; jav\u00edtott ergon\u00f3mia - k\u00e9tf\u00e9le m\u00e9r\u00e9si termin\u00e1l v\u00e1laszthat\u00f3. A m\u00e9rleg lehet\u0151v\u00e9 teszi a terhek m\u00e9r\u00e9s\u00e9t a m\u00e9r\u0151\u00e1llv\u00e1nyon k\u00edv\u00fcl (\u00fan. alulm\u00e9rlegel\u00e9s). Ez alternat\u00edv\u00e1t jelent a nem szabv\u00e1nyos m\u00e9ret\u0171 \u00e9s form\u00e1j\u00fa vagy m\u00e1gneses mez\u0151t gener\u00e1l\u00f3 terhek m\u00e9rlegel\u00e9s\u00e9hez.\" \/>\n<meta property=\"og:url\" content=\"https:\/\/radwag-merleg.hu\/hu\/termek\/pm-4y-precizios-merlegek\/\" \/>\n<meta property=\"og:site_name\" content=\"Radwag m\u00e9rlegek\" \/>\n<meta property=\"og:image\" content=\"https:\/\/radwag-merleg.hu\/wp-content\/uploads\/sites\/3\/2018\/12\/PM-4Y_d0.01-g-scaled.jpg\" \/>\n\t<meta property=\"og:image:width\" content=\"3648\" \/>\n\t<meta property=\"og:image:height\" content=\"3648\" \/>\n<meta name=\"twitter:card\" content=\"summary_large_image\" \/>\n<meta name=\"twitter:label1\" content=\"Availability\">\n\t<meta name=\"twitter:data1\" content=\"Out of stock\">\n<script type=\"application\/ld+json\" class=\"yoast-schema-graph\">{\"@context\":\"https:\/\/schema.org\",\"@graph\":[{\"@type\":\"Organization\",\"@id\":\"https:\/\/radwag-merleg.hu\/hu\/#organization\",\"name\":\"EMALOG Kft.\",\"url\":\"https:\/\/radwag-merleg.hu\/hu\/\",\"sameAs\":[],\"logo\":{\"@type\":\"ImageObject\",\"@id\":\"https:\/\/radwag-merleg.hu\/hu\/#logo\",\"inLanguage\":\"hu\",\"url\":\"https:\/\/radwag-merleg.hu\/wp-content\/uploads\/sites\/3\/2024\/02\/emalog-yellow.png\",\"width\":600,\"height\":600,\"caption\":\"EMALOG Kft.\"},\"image\":{\"@id\":\"https:\/\/radwag-merleg.hu\/hu\/#logo\"}},{\"@type\":\"WebSite\",\"@id\":\"https:\/\/radwag-merleg.hu\/hu\/#website\",\"url\":\"https:\/\/radwag-merleg.hu\/hu\/\",\"name\":\"Radwag m\\u00e9rlegek\",\"description\":\"prec\\u00edzi\\u00f3s \\u00e9s analitikai m\\u00e9rlegek az EMALOG Kft. k\\u00edn\\u00e1lat\\u00e1ban\",\"publisher\":{\"@id\":\"https:\/\/radwag-merleg.hu\/hu\/#organization\"},\"potentialAction\":[{\"@type\":\"SearchAction\",\"target\":\"https:\/\/radwag-merleg.hu\/hu\/?s={search_term_string}\",\"query-input\":\"required name=search_term_string\"}],\"inLanguage\":\"hu\"},{\"@type\":\"ImageObject\",\"@id\":\"https:\/\/radwag-merleg.hu\/hu\/termek\/pm-4y-precizios-merlegek\/#primaryimage\",\"inLanguage\":\"hu\",\"url\":\"https:\/\/radwag-merleg.hu\/wp-content\/uploads\/sites\/3\/2018\/12\/PM-4Y_d0.01-g-scaled.jpg\",\"width\":3648,\"height\":3648},{\"@type\":\"WebPage\",\"@id\":\"https:\/\/radwag-merleg.hu\/hu\/termek\/pm-4y-precizios-merlegek\/#webpage\",\"url\":\"https:\/\/radwag-merleg.hu\/hu\/termek\/pm-4y-precizios-merlegek\/\",\"name\":\"PM 4Y PREC\\u00cdZI\\u00d3S M\\u00c9RLEGEK - Radwag m\\u00e9rlegek\",\"isPartOf\":{\"@id\":\"https:\/\/radwag-merleg.hu\/hu\/#website\"},\"primaryImageOfPage\":{\"@id\":\"https:\/\/radwag-merleg.hu\/hu\/termek\/pm-4y-precizios-merlegek\/#primaryimage\"},\"datePublished\":\"2018-12-04T10:36:47+00:00\",\"dateModified\":\"2018-12-04T10:36:47+00:00\",\"description\":\"A PM sorozat\\u00fa m\\u00e9rlegek a RADWAG MonoBLOCK technol\\u00f3gi\\u00e1n alapul\\u00f3 innovat\\u00edv m\\u00e9r\\u0151rendszerrel vannak felszerelve. Ez lehet\\u0151v\\u00e9 teszi a 0,01g-os leolvashat\\u00f3s\\u00e1got 15 kg-os kapacit\\u00e1sn\\u00e1l, \\u00e9s a 0,1g-os leolvashat\\u00f3s\\u00e1got 50 kg-os kapacit\\u00e1sn\\u00e1l. Az \\u00faj m\\u00e9r\\u0151rendszer haszn\\u00e1lata, amely a RADWAG szabadalm\\u00e1nak t\\u00e1rgy\\u00e1t k\\u00e9pezi, garant\\u00e1lja a megism\\u00e9telhet\\u0151s\\u00e9g id\\u0151beli stabilit\\u00e1s\\u00e1t sd&lt;1d tartom\\u00e1nyban. Az egyed\\u00fcl\\u00e1ll\\u00f3 m\\u00e9r\\u0151rendszer-megold\\u00e1st a k\\u00f6rnyezeti felt\\u00e9telek v\\u00e1ltoz\\u00e1s\\u00e1val szembeni nagyfok\\u00fa ellen\\u00e1ll\\u00f3 k\\u00e9pess\\u00e9g jellemzi. A be\\u00e9p\\u00edtett 4 pontos v\\u00e9delmi rendszer megakad\\u00e1lyozza a m\\u00e9rleg t\\u00falterhel\\u00e9s\\u00e9t, ami biztons\\u00e1got ny\\u00fajt abban az esetben, ha t\\u00fal nagy terhel\\u00e9st helyeznek a m\\u00e9r\\u0151ed\\u00e9nyre. \\u00a0 F\\u0151bb jellemz\\u0151k: \\u00faj RADWAG MonoBLOCK \\u00e9rz\\u00e9kel\\u0151; a kijelz\\u00e9sek p\\u00e1ratlan megism\\u00e9telhet\\u0151s\\u00e9ge; neh\\u00e9z terhek m\\u00e9r\\u00e9se maxim\\u00e1lis pontoss\\u00e1ggal; sz\\u00ednes \\u00e9rint\\u0151k\\u00e9perny\\u0151vel garant\\u00e1lt intuit\\u00edv kezel\\u00e9s; a CFR21-nek val\\u00f3 megfelel\\u00e9s; gyors t\\u00f6megm\\u00e9r\\u00e9s; robusztus mechanikai kialak\\u00edt\\u00e1s - \\u00faj, alacsonyabb m\\u00e9r\\u00e9si platform; jav\\u00edtott ergon\\u00f3mia - k\\u00e9tf\\u00e9le m\\u00e9r\\u00e9si termin\\u00e1l v\\u00e1laszthat\\u00f3. A m\\u00e9rleg lehet\\u0151v\\u00e9 teszi a terhek m\\u00e9r\\u00e9s\\u00e9t a m\\u00e9r\\u0151\\u00e1llv\\u00e1nyon k\\u00edv\\u00fcl (\\u00fan. alulm\\u00e9rlegel\\u00e9s). Ez alternat\\u00edv\\u00e1t jelent a nem szabv\\u00e1nyos m\\u00e9ret\\u0171 \\u00e9s form\\u00e1j\\u00fa vagy m\\u00e1gneses mez\\u0151t gener\\u00e1l\\u00f3 terhek m\\u00e9rlegel\\u00e9s\\u00e9hez.\",\"inLanguage\":\"hu\",\"potentialAction\":[{\"@type\":\"ReadAction\",\"target\":[\"https:\/\/radwag-merleg.hu\/hu\/termek\/pm-4y-precizios-merlegek\/\"]}]}]}<\/script>\n<!-- \/ Yoast SEO Premium plugin. -->","_links":{"self":[{"href":"https:\/\/radwag-merleg.hu\/hu\/wp-json\/wp\/v2\/product\/30331"}],"collection":[{"href":"https:\/\/radwag-merleg.hu\/hu\/wp-json\/wp\/v2\/product"}],"about":[{"href":"https:\/\/radwag-merleg.hu\/hu\/wp-json\/wp\/v2\/types\/product"}],"wp:featuredmedia":[{"embeddable":true,"href":"https:\/\/radwag-merleg.hu\/hu\/wp-json\/wp\/v2\/media\/30334"}],"wp:attachment":[{"href":"https:\/\/radwag-merleg.hu\/hu\/wp-json\/wp\/v2\/media?parent=30331"}],"curies":[{"name":"wp","href":"https:\/\/api.w.org\/{rel}","templated":true}]}}