{"id":125,"date":"2018-12-04T12:11:00","date_gmt":"2018-12-04T11:11:00","guid":{"rendered":"http:\/\/radwag-merleg.hu\/?post_type=product&#038;p=125"},"modified":"2024-03-19T17:10:29","modified_gmt":"2024-03-19T16:10:29","slug":"as-x2-analytical-balances","status":"publish","type":"product","link":"https:\/\/radwag-merleg.hu\/hu\/product\/as-x2-analytical-balances\/","title":{"rendered":"AS X2 ANALYTICAL BALANCES"},"content":{"rendered":"<h3>PRODUCT DESCRIPTION<\/h3>\n<p><\/p>\n<p><span style=\"color: #fdb819; font-weight: bold;\">Please, use model selector above to see product description.<\/span><\/p>\n","protected":false},"excerpt":{"rendered":"<p>PRODUCT DESCRIPTION Please, use model selector above to see product description.<\/p>\n","protected":false},"featured_media":217,"template":"","meta":{"ngg_post_thumbnail":0},"gallery_images":[126,127,128,216,217],"yoast_head":"<!-- This site is optimized with the Yoast SEO Premium plugin v15.6.2 - https:\/\/yoast.com\/wordpress\/plugins\/seo\/ -->\n<title>AS X2 ANALYTICAL BALANCES - Radwag m\u00e9rlegek<\/title>\n<meta name=\"description\" content=\"Az AS X2 m\u00e9rlegek m\u00e9g magasabb min\u0151s\u00e9get k\u00e9pviselnek az analitikai m\u00e9rlgek k\u00edn\u00e1lat\u00e1ban. Az X2 sorozat\u00fa m\u00e9rlegek a leg\u00fajabb gener\u00e1ci\u00f3s kapacit\u00edv kijelz\u0151vel vannak \u00e9p\u00edtve, amely maxim\u00e1lis k\u00e9nyelmet biztos\u00edt, \u00e9s k\u00f6zvetlen\u00fcl a keze \u00fcgy\u00e9ben \u00e9rhet\u0151 el. A k\u00f6nny\u0171 kezelhet\u0151s\u00e9g, a tiszta men\u00fc \u00e9s a kijelz\u0151 praktikus elrendez\u00e9se garant\u00e1lja a legjobb ergon\u00f3mi\u00e1t a mindennapi feladatokhoz. A rendelkez\u00e9sre \u00e1ll\u00f3 interf\u00e9szek sz\u00e9les sk\u00e1l\u00e1ja megk\u00f6nny\u00edti a kommunik\u00e1ci\u00f3 legoptim\u00e1lisabb eszk\u00f6zeinek kiv\u00e1laszt\u00e1s\u00e1t. Az X2 sorozat\u00fa m\u00e9rlegek korl\u00e1tlan lehet\u0151s\u00e9get k\u00edn\u00e1lnak a k\u00fcls\u0151 eszk\u00f6z\u00f6kkel val\u00f3 egy\u00fcttm\u0171k\u00f6d\u00e9sre, nyomtat\u00e1st, m\u00e1sol\u00e1st, archiv\u00e1l\u00e1sokat \u00e9s adat\u00e1tvitelt biztos\u00edtanak. A be\u00e9p\u00edtett infrav\u00f6r\u00f6s \u00e9rz\u00e9kel\u0151k sz\u00e1mos m\u0171veletet tesznek lehet\u0151v\u00e9 (pl. t\u00e1r\u00e1z\u00e1s, a m\u00e9r\u00e9si eredm\u00e9ny nyomtat\u00f3ra val\u00f3 tov\u00e1bb\u00edt\u00e1sa vagy egy adott folyamat egym\u00e1st k\u00f6vet\u0151 l\u00e9p\u00e9seinek kiv\u00e1laszt\u00e1sa stb.) gomb nyom\u00e1s n\u00e9lk\u00fcl nyit\u00e1s k\u00e9zmozdulata. A h\u00e1z m\u0171anyagb\u00f3l k\u00e9sz\u00fclt, a serpeny\u0151 pedig rozsdamentes ac\u00e9lb\u00f3l.  X2 sorozat\u00fa m\u00e9rlegek saj\u00e1t adatb\u00e1zissal rendelkeznek. Az \u00faj AS-X2 sorozat 7 adatb\u00e1zissal rendelkezik, amelyek lehet\u0151v\u00e9 teszik t\u00f6bb felhaszn\u00e1l\u00f3 sz\u00e1m\u00e1ra, hogy t\u00f6bb k\u00fcl\u00f6nb\u00f6z\u0151 term\u00e9ket t\u00e1roljanak. A regisztr\u00e1lt m\u00e9r\u00e9si eredm\u00e9nyeket k\u00e9s\u0151bb tov\u00e1bbi elemz\u00e9snek lehet al\u00e1vetni. Az adatok 7 adatb\u00e1zisban vannak regisztr\u00e1lva:   Felhaszn\u00e1l\u00f3k (legfeljebb 100 felhaszn\u00e1l\u00f3),  Term\u00e9kek (legfeljebb 5 000 term\u00e9k),  M\u00e9r\u00e9si eredm\u00e9nyek (50.000 \u00e9rt\u00e9k),  Csomagol\u00e1s (legfeljebb 100 csomagol\u00e1st\u00edpus),  Receptek (legfeljebb 100 recept\u00fara),  \u00dcgyfelek (legfeljebb 1000 \u00fcgyf\u00e9l),  ALIBI mem\u00f3ria (ak\u00e1r 512 000 m\u00e9r\u00e9si eredm\u00e9nyre).  Az X2 sorozat k\u00e9pes jelent\u00e9seket k\u00e9sz\u00edteni, el\u0151re meghat\u00e1rozott sablonok alapj\u00e1n. (legfeljebb 500 jelent\u00e9s)  ALIBI mem\u00f3ria Az X2 sorozat\u00fa m\u00e9rlegek ALIBI mem\u00f3ri\u00e1val rendelkeznek, amely garancia a m\u00e9r\u00e9sek biztons\u00e1g\u00e1ra \u00e9s azok automatikus r\u00f6gz\u00edt\u00e9s\u00e9re. Az olyan be\u00e1ll\u00edt\u00e1sok, mint az adatok el\u0151n\u00e9zete, m\u00e1sol\u00e1sa \u00e9s archiv\u00e1l\u00e1sa a felhaszn\u00e1l\u00f3k sz\u00e1m\u00e1ra is el\u00e9rhet\u0151k. Az ALIBI mem\u00f3ria lehet\u0151v\u00e9 teszi ak\u00e1r 500 000 m\u00e9r\u00e9si eredm\u00e9ny r\u00f6gz\u00edt\u00e9s\u00e9t.  Szem\u00e9lyre szabhat\u00f3s\u00e1g egy magasabb szintj\u00e9t ny\u00fajtja Az X2 az egyetlen olyan m\u00e9rleg a piacon, amely lehet\u0151v\u00e9 teszi a felhaszn\u00e1l\u00f3 sz\u00e1m\u00e1ra, hogy a &quot;widgetek&quot; sz\u00e9les v\u00e1laszt\u00e9k\u00e1val tervezzen kijelz\u0151t. Az X2 sorozat testreszabott megjelen\u00edt\u00e9se k\u00f6zvetlen hozz\u00e1f\u00e9r\u00e9st biztos\u00edt a munka eredm\u00e9nyeihez \u00e9s m\u00e1s fontos inform\u00e1ci\u00f3khoz m\u00e1r a kezd\u0151k\u00e9perny\u0151r\u0151l.  S\u00falym\u00e9r\u00e9si adatkezel\u00e9s Az USB interf\u00e9sz megk\u00f6nny\u00edti a munka eredm\u00e9nyeinek (m\u00e9r\u00e9sek, jelent\u00e9sek, adatb\u00e1zisok) m\u00e1sik m\u00e9rlegbe val\u00f3 gyors \u00e1tvitel\u00e9t \u00e9s m\u00e1sol\u00e1s\u00e1t. A m\u00e9r\u00e9si adatok h\u00e1l\u00f3zatkezel\u00e9se a lehet\u0151 legnagyobb m\u00e9rt\u00e9kben n\u00f6veli a fontos adatok hat\u00e1soss\u00e1g\u00e1t, termel\u00e9kenys\u00e9g\u00e9t \u00e9s biztons\u00e1g\u00e1t.\" \/>\n<meta name=\"robots\" content=\"index, follow, max-snippet:-1, max-image-preview:large, max-video-preview:-1\" \/>\n<link rel=\"canonical\" href=\"https:\/\/radwag-merleg.hu\/hu\/product\/as-x2-analytical-balances\/\" \/>\n<meta property=\"og:locale\" content=\"hu_HU\" \/>\n<meta property=\"og:type\" content=\"article\" \/>\n<meta property=\"og:title\" content=\"AS X2 ANALYTICAL BALANCES - Radwag m\u00e9rlegek\" \/>\n<meta property=\"og:description\" content=\"Az AS X2 m\u00e9rlegek m\u00e9g magasabb min\u0151s\u00e9get k\u00e9pviselnek az analitikai m\u00e9rlgek k\u00edn\u00e1lat\u00e1ban. Az X2 sorozat\u00fa m\u00e9rlegek a leg\u00fajabb gener\u00e1ci\u00f3s kapacit\u00edv kijelz\u0151vel vannak \u00e9p\u00edtve, amely maxim\u00e1lis k\u00e9nyelmet biztos\u00edt, \u00e9s k\u00f6zvetlen\u00fcl a keze \u00fcgy\u00e9ben \u00e9rhet\u0151 el. A k\u00f6nny\u0171 kezelhet\u0151s\u00e9g, a tiszta men\u00fc \u00e9s a kijelz\u0151 praktikus elrendez\u00e9se garant\u00e1lja a legjobb ergon\u00f3mi\u00e1t a mindennapi feladatokhoz. A rendelkez\u00e9sre \u00e1ll\u00f3 interf\u00e9szek sz\u00e9les sk\u00e1l\u00e1ja megk\u00f6nny\u00edti a kommunik\u00e1ci\u00f3 legoptim\u00e1lisabb eszk\u00f6zeinek kiv\u00e1laszt\u00e1s\u00e1t. Az X2 sorozat\u00fa m\u00e9rlegek korl\u00e1tlan lehet\u0151s\u00e9get k\u00edn\u00e1lnak a k\u00fcls\u0151 eszk\u00f6z\u00f6kkel val\u00f3 egy\u00fcttm\u0171k\u00f6d\u00e9sre, nyomtat\u00e1st, m\u00e1sol\u00e1st, archiv\u00e1l\u00e1sokat \u00e9s adat\u00e1tvitelt biztos\u00edtanak. A be\u00e9p\u00edtett infrav\u00f6r\u00f6s \u00e9rz\u00e9kel\u0151k sz\u00e1mos m\u0171veletet tesznek lehet\u0151v\u00e9 (pl. t\u00e1r\u00e1z\u00e1s, a m\u00e9r\u00e9si eredm\u00e9ny nyomtat\u00f3ra val\u00f3 tov\u00e1bb\u00edt\u00e1sa vagy egy adott folyamat egym\u00e1st k\u00f6vet\u0151 l\u00e9p\u00e9seinek kiv\u00e1laszt\u00e1sa stb.) gomb nyom\u00e1s n\u00e9lk\u00fcl nyit\u00e1s k\u00e9zmozdulata. A h\u00e1z m\u0171anyagb\u00f3l k\u00e9sz\u00fclt, a serpeny\u0151 pedig rozsdamentes ac\u00e9lb\u00f3l.  X2 sorozat\u00fa m\u00e9rlegek saj\u00e1t adatb\u00e1zissal rendelkeznek. Az \u00faj AS-X2 sorozat 7 adatb\u00e1zissal rendelkezik, amelyek lehet\u0151v\u00e9 teszik t\u00f6bb felhaszn\u00e1l\u00f3 sz\u00e1m\u00e1ra, hogy t\u00f6bb k\u00fcl\u00f6nb\u00f6z\u0151 term\u00e9ket t\u00e1roljanak. A regisztr\u00e1lt m\u00e9r\u00e9si eredm\u00e9nyeket k\u00e9s\u0151bb tov\u00e1bbi elemz\u00e9snek lehet al\u00e1vetni. Az adatok 7 adatb\u00e1zisban vannak regisztr\u00e1lva:   Felhaszn\u00e1l\u00f3k (legfeljebb 100 felhaszn\u00e1l\u00f3),  Term\u00e9kek (legfeljebb 5 000 term\u00e9k),  M\u00e9r\u00e9si eredm\u00e9nyek (50.000 \u00e9rt\u00e9k),  Csomagol\u00e1s (legfeljebb 100 csomagol\u00e1st\u00edpus),  Receptek (legfeljebb 100 recept\u00fara),  \u00dcgyfelek (legfeljebb 1000 \u00fcgyf\u00e9l),  ALIBI mem\u00f3ria (ak\u00e1r 512 000 m\u00e9r\u00e9si eredm\u00e9nyre).  Az X2 sorozat k\u00e9pes jelent\u00e9seket k\u00e9sz\u00edteni, el\u0151re meghat\u00e1rozott sablonok alapj\u00e1n. (legfeljebb 500 jelent\u00e9s)  ALIBI mem\u00f3ria Az X2 sorozat\u00fa m\u00e9rlegek ALIBI mem\u00f3ri\u00e1val rendelkeznek, amely garancia a m\u00e9r\u00e9sek biztons\u00e1g\u00e1ra \u00e9s azok automatikus r\u00f6gz\u00edt\u00e9s\u00e9re. Az olyan be\u00e1ll\u00edt\u00e1sok, mint az adatok el\u0151n\u00e9zete, m\u00e1sol\u00e1sa \u00e9s archiv\u00e1l\u00e1sa a felhaszn\u00e1l\u00f3k sz\u00e1m\u00e1ra is el\u00e9rhet\u0151k. Az ALIBI mem\u00f3ria lehet\u0151v\u00e9 teszi ak\u00e1r 500 000 m\u00e9r\u00e9si eredm\u00e9ny r\u00f6gz\u00edt\u00e9s\u00e9t.  Szem\u00e9lyre szabhat\u00f3s\u00e1g egy magasabb szintj\u00e9t ny\u00fajtja Az X2 az egyetlen olyan m\u00e9rleg a piacon, amely lehet\u0151v\u00e9 teszi a felhaszn\u00e1l\u00f3 sz\u00e1m\u00e1ra, hogy a &quot;widgetek&quot; sz\u00e9les v\u00e1laszt\u00e9k\u00e1val tervezzen kijelz\u0151t. Az X2 sorozat testreszabott megjelen\u00edt\u00e9se k\u00f6zvetlen hozz\u00e1f\u00e9r\u00e9st biztos\u00edt a munka eredm\u00e9nyeihez \u00e9s m\u00e1s fontos inform\u00e1ci\u00f3khoz m\u00e1r a kezd\u0151k\u00e9perny\u0151r\u0151l.  S\u00falym\u00e9r\u00e9si adatkezel\u00e9s Az USB interf\u00e9sz megk\u00f6nny\u00edti a munka eredm\u00e9nyeinek (m\u00e9r\u00e9sek, jelent\u00e9sek, adatb\u00e1zisok) m\u00e1sik m\u00e9rlegbe val\u00f3 gyors \u00e1tvitel\u00e9t \u00e9s m\u00e1sol\u00e1s\u00e1t. A m\u00e9r\u00e9si adatok h\u00e1l\u00f3zatkezel\u00e9se a lehet\u0151 legnagyobb m\u00e9rt\u00e9kben n\u00f6veli a fontos adatok hat\u00e1soss\u00e1g\u00e1t, termel\u00e9kenys\u00e9g\u00e9t \u00e9s biztons\u00e1g\u00e1t.\" \/>\n<meta property=\"og:url\" content=\"https:\/\/radwag-merleg.hu\/hu\/product\/as-x2-analytical-balances\/\" \/>\n<meta property=\"og:site_name\" content=\"Radwag m\u00e9rlegek\" \/>\n<meta property=\"article:modified_time\" content=\"2024-03-19T16:10:29+00:00\" \/>\n<meta property=\"og:image\" content=\"https:\/\/radwag-merleg.hu\/wp-content\/uploads\/sites\/3\/2018\/12\/AS-X2_d0.1-mg.jpg\" \/>\n\t<meta property=\"og:image:width\" content=\"1950\" \/>\n\t<meta property=\"og:image:height\" content=\"1950\" \/>\n<meta name=\"twitter:card\" content=\"summary_large_image\" \/>\n<meta name=\"twitter:label1\" content=\"Availability\">\n\t<meta name=\"twitter:data1\" content=\"Out of stock\">\n<script type=\"application\/ld+json\" class=\"yoast-schema-graph\">{\"@context\":\"https:\/\/schema.org\",\"@graph\":[{\"@type\":\"Organization\",\"@id\":\"https:\/\/radwag-merleg.hu\/hu\/#organization\",\"name\":\"EMALOG Kft.\",\"url\":\"https:\/\/radwag-merleg.hu\/hu\/\",\"sameAs\":[],\"logo\":{\"@type\":\"ImageObject\",\"@id\":\"https:\/\/radwag-merleg.hu\/hu\/#logo\",\"inLanguage\":\"hu\",\"url\":\"https:\/\/radwag-merleg.hu\/wp-content\/uploads\/sites\/3\/2024\/02\/emalog-yellow.png\",\"width\":600,\"height\":600,\"caption\":\"EMALOG Kft.\"},\"image\":{\"@id\":\"https:\/\/radwag-merleg.hu\/hu\/#logo\"}},{\"@type\":\"WebSite\",\"@id\":\"https:\/\/radwag-merleg.hu\/hu\/#website\",\"url\":\"https:\/\/radwag-merleg.hu\/hu\/\",\"name\":\"Radwag m\\u00e9rlegek\",\"description\":\"prec\\u00edzi\\u00f3s \\u00e9s analitikai m\\u00e9rlegek az EMALOG Kft. k\\u00edn\\u00e1lat\\u00e1ban\",\"publisher\":{\"@id\":\"https:\/\/radwag-merleg.hu\/hu\/#organization\"},\"potentialAction\":[{\"@type\":\"SearchAction\",\"target\":\"https:\/\/radwag-merleg.hu\/hu\/?s={search_term_string}\",\"query-input\":\"required name=search_term_string\"}],\"inLanguage\":\"hu\"},{\"@type\":\"ImageObject\",\"@id\":\"https:\/\/radwag-merleg.hu\/hu\/product\/as-x2-analytical-balances\/#primaryimage\",\"inLanguage\":\"hu\",\"url\":\"https:\/\/radwag-merleg.hu\/wp-content\/uploads\/sites\/3\/2018\/12\/AS-X2_d0.1-mg.jpg\",\"width\":1950,\"height\":1950},{\"@type\":\"WebPage\",\"@id\":\"https:\/\/radwag-merleg.hu\/hu\/product\/as-x2-analytical-balances\/#webpage\",\"url\":\"https:\/\/radwag-merleg.hu\/hu\/product\/as-x2-analytical-balances\/\",\"name\":\"AS X2 ANALYTICAL BALANCES - Radwag m\\u00e9rlegek\",\"isPartOf\":{\"@id\":\"https:\/\/radwag-merleg.hu\/hu\/#website\"},\"primaryImageOfPage\":{\"@id\":\"https:\/\/radwag-merleg.hu\/hu\/product\/as-x2-analytical-balances\/#primaryimage\"},\"datePublished\":\"2018-12-04T11:11:00+00:00\",\"dateModified\":\"2024-03-19T16:10:29+00:00\",\"description\":\"Az AS X2 m\\u00e9rlegek m\\u00e9g magasabb min\\u0151s\\u00e9get k\\u00e9pviselnek az analitikai m\\u00e9rlgek k\\u00edn\\u00e1lat\\u00e1ban. Az X2 sorozat\\u00fa m\\u00e9rlegek a leg\\u00fajabb gener\\u00e1ci\\u00f3s kapacit\\u00edv kijelz\\u0151vel vannak \\u00e9p\\u00edtve, amely maxim\\u00e1lis k\\u00e9nyelmet biztos\\u00edt, \\u00e9s k\\u00f6zvetlen\\u00fcl a keze \\u00fcgy\\u00e9ben \\u00e9rhet\\u0151 el. A k\\u00f6nny\\u0171 kezelhet\\u0151s\\u00e9g, a tiszta men\\u00fc \\u00e9s a kijelz\\u0151 praktikus elrendez\\u00e9se garant\\u00e1lja a legjobb ergon\\u00f3mi\\u00e1t a mindennapi feladatokhoz. A rendelkez\\u00e9sre \\u00e1ll\\u00f3 interf\\u00e9szek sz\\u00e9les sk\\u00e1l\\u00e1ja megk\\u00f6nny\\u00edti a kommunik\\u00e1ci\\u00f3 legoptim\\u00e1lisabb eszk\\u00f6zeinek kiv\\u00e1laszt\\u00e1s\\u00e1t. Az X2 sorozat\\u00fa m\\u00e9rlegek korl\\u00e1tlan lehet\\u0151s\\u00e9get k\\u00edn\\u00e1lnak a k\\u00fcls\\u0151 eszk\\u00f6z\\u00f6kkel val\\u00f3 egy\\u00fcttm\\u0171k\\u00f6d\\u00e9sre, nyomtat\\u00e1st, m\\u00e1sol\\u00e1st, archiv\\u00e1l\\u00e1sokat \\u00e9s adat\\u00e1tvitelt biztos\\u00edtanak. A be\\u00e9p\\u00edtett infrav\\u00f6r\\u00f6s \\u00e9rz\\u00e9kel\\u0151k sz\\u00e1mos m\\u0171veletet tesznek lehet\\u0151v\\u00e9 (pl. t\\u00e1r\\u00e1z\\u00e1s, a m\\u00e9r\\u00e9si eredm\\u00e9ny nyomtat\\u00f3ra val\\u00f3 tov\\u00e1bb\\u00edt\\u00e1sa vagy egy adott folyamat egym\\u00e1st k\\u00f6vet\\u0151 l\\u00e9p\\u00e9seinek kiv\\u00e1laszt\\u00e1sa stb.) gomb nyom\\u00e1s n\\u00e9lk\\u00fcl nyit\\u00e1s k\\u00e9zmozdulata. A h\\u00e1z m\\u0171anyagb\\u00f3l k\\u00e9sz\\u00fclt, a serpeny\\u0151 pedig rozsdamentes ac\\u00e9lb\\u00f3l. X2 sorozat\\u00fa m\\u00e9rlegek saj\\u00e1t adatb\\u00e1zissal rendelkeznek. Az \\u00faj AS-X2 sorozat 7 adatb\\u00e1zissal rendelkezik, amelyek lehet\\u0151v\\u00e9 teszik t\\u00f6bb felhaszn\\u00e1l\\u00f3 sz\\u00e1m\\u00e1ra, hogy t\\u00f6bb k\\u00fcl\\u00f6nb\\u00f6z\\u0151 term\\u00e9ket t\\u00e1roljanak. A regisztr\\u00e1lt m\\u00e9r\\u00e9si eredm\\u00e9nyeket k\\u00e9s\\u0151bb tov\\u00e1bbi elemz\\u00e9snek lehet al\\u00e1vetni. Az adatok 7 adatb\\u00e1zisban vannak regisztr\\u00e1lva: Felhaszn\\u00e1l\\u00f3k (legfeljebb 100 felhaszn\\u00e1l\\u00f3), Term\\u00e9kek (legfeljebb 5 000 term\\u00e9k), M\\u00e9r\\u00e9si eredm\\u00e9nyek (50.000 \\u00e9rt\\u00e9k), Csomagol\\u00e1s (legfeljebb 100 csomagol\\u00e1st\\u00edpus), Receptek (legfeljebb 100 recept\\u00fara), \\u00dcgyfelek (legfeljebb 1000 \\u00fcgyf\\u00e9l), ALIBI mem\\u00f3ria (ak\\u00e1r 512 000 m\\u00e9r\\u00e9si eredm\\u00e9nyre). Az X2 sorozat k\\u00e9pes jelent\\u00e9seket k\\u00e9sz\\u00edteni, el\\u0151re meghat\\u00e1rozott sablonok alapj\\u00e1n. (legfeljebb 500 jelent\\u00e9s) ALIBI mem\\u00f3ria Az X2 sorozat\\u00fa m\\u00e9rlegek ALIBI mem\\u00f3ri\\u00e1val rendelkeznek, amely garancia a m\\u00e9r\\u00e9sek biztons\\u00e1g\\u00e1ra \\u00e9s azok automatikus r\\u00f6gz\\u00edt\\u00e9s\\u00e9re. Az olyan be\\u00e1ll\\u00edt\\u00e1sok, mint az adatok el\\u0151n\\u00e9zete, m\\u00e1sol\\u00e1sa \\u00e9s archiv\\u00e1l\\u00e1sa a felhaszn\\u00e1l\\u00f3k sz\\u00e1m\\u00e1ra is el\\u00e9rhet\\u0151k. Az ALIBI mem\\u00f3ria lehet\\u0151v\\u00e9 teszi ak\\u00e1r 500 000 m\\u00e9r\\u00e9si eredm\\u00e9ny r\\u00f6gz\\u00edt\\u00e9s\\u00e9t. Szem\\u00e9lyre szabhat\\u00f3s\\u00e1g egy magasabb szintj\\u00e9t ny\\u00fajtja Az X2 az egyetlen olyan m\\u00e9rleg a piacon, amely lehet\\u0151v\\u00e9 teszi a felhaszn\\u00e1l\\u00f3 sz\\u00e1m\\u00e1ra, hogy a \\\"widgetek\\\" sz\\u00e9les v\\u00e1laszt\\u00e9k\\u00e1val tervezzen kijelz\\u0151t. Az X2 sorozat testreszabott megjelen\\u00edt\\u00e9se k\\u00f6zvetlen hozz\\u00e1f\\u00e9r\\u00e9st biztos\\u00edt a munka eredm\\u00e9nyeihez \\u00e9s m\\u00e1s fontos inform\\u00e1ci\\u00f3khoz m\\u00e1r a kezd\\u0151k\\u00e9perny\\u0151r\\u0151l. S\\u00falym\\u00e9r\\u00e9si adatkezel\\u00e9s Az USB interf\\u00e9sz megk\\u00f6nny\\u00edti a munka eredm\\u00e9nyeinek (m\\u00e9r\\u00e9sek, jelent\\u00e9sek, adatb\\u00e1zisok) m\\u00e1sik m\\u00e9rlegbe val\\u00f3 gyors \\u00e1tvitel\\u00e9t \\u00e9s m\\u00e1sol\\u00e1s\\u00e1t. A m\\u00e9r\\u00e9si adatok h\\u00e1l\\u00f3zatkezel\\u00e9se a lehet\\u0151 legnagyobb m\\u00e9rt\\u00e9kben n\\u00f6veli a fontos adatok hat\\u00e1soss\\u00e1g\\u00e1t, termel\\u00e9kenys\\u00e9g\\u00e9t \\u00e9s biztons\\u00e1g\\u00e1t.\",\"inLanguage\":\"hu\",\"potentialAction\":[{\"@type\":\"ReadAction\",\"target\":[\"https:\/\/radwag-merleg.hu\/hu\/product\/as-x2-analytical-balances\/\"]}]}]}<\/script>\n<!-- \/ Yoast SEO Premium plugin. -->","_links":{"self":[{"href":"https:\/\/radwag-merleg.hu\/hu\/wp-json\/wp\/v2\/product\/125"}],"collection":[{"href":"https:\/\/radwag-merleg.hu\/hu\/wp-json\/wp\/v2\/product"}],"about":[{"href":"https:\/\/radwag-merleg.hu\/hu\/wp-json\/wp\/v2\/types\/product"}],"wp:featuredmedia":[{"embeddable":true,"href":"https:\/\/radwag-merleg.hu\/hu\/wp-json\/wp\/v2\/media\/217"}],"wp:attachment":[{"href":"https:\/\/radwag-merleg.hu\/hu\/wp-json\/wp\/v2\/media?parent=125"}],"curies":[{"name":"wp","href":"https:\/\/api.w.org\/{rel}","templated":true}]}}