{"id":9644,"date":"2018-12-05T10:21:20","date_gmt":"2018-12-05T09:21:20","guid":{"rendered":"https:\/\/radwag-merleg.hu\/iso-minosegbiztositasi-rendszer\/"},"modified":"2018-12-05T10:21:20","modified_gmt":"2018-12-05T09:21:20","slug":"iso-minosegbiztositasi-rendszer","status":"publish","type":"page","link":"https:\/\/radwag-merleg.hu\/hu\/iso-minosegbiztositasi-rendszer\/","title":{"rendered":"ISO min\u0151s\u00e9gbiztos\u00edt\u00e1si rendszer"},"content":{"rendered":"<p>&nbsp;<\/p>\n<table border=\"0\">\n<tbody>\n<tr>\n<td colspan=\"2\" valign=\"top\"><strong>A RADWAG az elektronikus m\u00e9rlegek j\u00f3l ismert gy\u00e1rt\u00f3ja Eur\u00f3p\u00e1ban \u00e9s a tengerent\u00falon<\/strong><strong>.<\/strong> A RADWAG sok \u00e9ven \u00e1t az elektronikus m\u00e9r\u0151berendez\u00e9sek legnagyobb gy\u00e1rt\u00f3ja Lengyelorsz\u00e1gban. 2002 \u00f3ta az ISO 9001 bevezetett \u00e9s dokument\u00e1lt min\u0151s\u00e9gir\u00e1ny\u00edt\u00e1si rendszernek megfelel\u0151en m\u0171k\u00f6dik.<\/td>\n<\/tr>\n<tr>\n<td colspan=\"2\">&nbsp;<\/td>\n<\/tr>\n<tr>\n<td colspan=\"2\">\n<table border=\"0\" cellspacing=\"0\" cellpadding=\"0\">\n<tbody>\n<tr>\n<td rowspan=\"2\" align=\"center\" valign=\"top\" width=\"110\"><a href=\"http:\/\/www.tuv-gem.com.pl\/\" target=\"_blank\" rel=\"noopener noreferrer\"><img title=\"\" src=\"\/wp-content\/uploads\/sites\/3\/2018\/12\/emalog_radwag_iso-quality-system_icons_gem-logo.gif\" alt=\"\"><\/a><\/td>\n<td><strong>Certifying Body&nbsp;<\/strong>GEM CERT E. Niegowska Sp. J.<\/td>\n<td valign=\"top\" width=\"70\"><\/td>\n<\/tr>\n<tr>\n<td valign=\"top\">Gem CERT E. Niegowska GP tan\u00fas\u00edt\u00f3 test\u00fclet meger\u0151s\u00edtette, hogy a RADWAG Wagi Elektroniczne ir\u00e1ny\u00edt\u00e1si rendszer megfelel az ISO 9001:2015 szabv\u00e1nynak.<\/td>\n<td valign=\"middle\" width=\"70\">&nbsp;<\/td>\n<\/tr>\n<\/tbody>\n<\/table>\n<\/td>\n<\/tr>\n<tr>\n<td colspan=\"2\">&nbsp;<\/td>\n<\/tr>\n<tr>\n<td colspan=\"2\">\u00dcgyfeleink \u00e9rdek\u00e9ben a RADWAG min\u0151s\u00e9gbiztos\u00edt\u00e1si rendszert a v\u00e1llalatunkat fel\u00fcgyel\u0151 bejelentett szervezetek \u00e9vente ellen\u0151rzik. Ezt a min\u0151s\u00e9gbiztos\u00edt\u00e1si rendszert m\u00e1r j\u00f3v\u00e1hagyta:<\/td>\n<\/tr>\n<tr>\n<td colspan=\"2\">&nbsp;<\/td>\n<\/tr>\n<tr>\n<td colspan=\"2\">\n<table border=\"0\" cellspacing=\"0\" cellpadding=\"0\">\n<tbody>\n<tr>\n<td rowspan=\"2\" align=\"center\" valign=\"top\" width=\"110\"><a href=\"http:\/\/www.cmi.cz\/\" target=\"_blank\" rel=\"noopener noreferrer\"><img loading=\"lazy\" src=\"\/wp-content\/uploads\/sites\/3\/2018\/12\/emalog_radwag_iso-quality-system_icons_cmi.gif\" alt=\"Certyfikaty CMI\" width=\"50\" height=\"45\" border=\"0\"><\/a><\/td>\n<td valign=\"top\"><strong>Cesk\u00fd Metrologick\u00fd Int\u00e9zet<\/strong><\/td>\n<td width=\"70\"><\/td>\n<\/tr>\n<tr>\n<td valign=\"top\">Cesk\u00fd Metrologick\u00fd Int\u00e9zet<br \/>\nAz 1383-as cseh bejelentett szervezet, amellyel enged\u00e9lyt kaptunk arra, hogy term\u00e9keink megfelel\u0151s\u00e9g\u00e9t saj\u00e1t magunk bejelents\u00fck a NAVI \u00e9s a MID ir\u00e1nyelveknek, azaz a 2009\/23\/EC NAWI-nek \u00e9s a 2004\/22\/EC MID-nek.<br \/>\nEzt a 0119-SJ-A002-07 j\u00f3v\u00e1hagy\u00e1s is meger\u0151s\u00edti.<\/td>\n<td>&nbsp;<\/td>\n<\/tr>\n<tr>\n<td colspan=\"3\">&nbsp;<\/td>\n<\/tr>\n<tr>\n<td rowspan=\"2\" align=\"center\" valign=\"top\"><a href=\"http:\/\/www.tuv-nord.pl\/\" target=\"_blank\" rel=\"noopener noreferrer\"><img loading=\"lazy\" src=\"\/wp-content\/uploads\/sites\/3\/2018\/12\/emalog_radwag_iso-quality-system_icons_tuv_nordpoland.gif\" width=\"90\" height=\"44\" border=\"0\"><\/a><\/td>\n<td valign=\"top\"><strong>T\u00dcV NORD Polska<\/strong><\/td>\n<td><\/td>\n<\/tr>\n<tr>\n<td valign=\"top\">Lengyel 2274-es sz\u00e1m\u00fa lengyel enged\u00e9lyez\u0151 szervezett\u0151l, enged\u00e9lyt kaptunk arra, hogy saj\u00e1t magunk hiteles\u00edts\u00fck az orvosi term\u00e9keket a 93\/42\/EGK mdd ir\u00e1nyelvnek megfelel\u0151en.<br \/>\nEzt a j\u00f3v\u00e1haggya TNP\/MDD\/0033\/3673\/2012 sz\u00e1m\u00fa tan\u00fas\u00edtv\u00e1ny.<\/td>\n<td>&nbsp;<\/td>\n<\/tr>\n<tr>\n<td colspan=\"3\">&nbsp;<\/td>\n<\/tr>\n<tr>\n<td rowspan=\"2\" align=\"center\" valign=\"top\"><a href=\"http:\/\/www.gig.katowice.pl\/\" target=\"_blank\" rel=\"noopener noreferrer\"><img loading=\"lazy\" src=\"\/wp-content\/uploads\/sites\/3\/2018\/12\/emalog_radwag_iso-quality-system_icons_gig.gif\" alt=\"Certyfikat EX\" width=\"43\" height=\"65\" border=\"0\"><\/a><\/td>\n<td valign=\"top\"><strong>F\u0151 B\u00e1ny\u00e1szati Int\u00e9zet<\/strong><\/td>\n<td><\/td>\n<\/tr>\n<tr>\n<td valign=\"top\">1453- os sz\u00e1m\u00fa Lengyel Enged\u00e9lyez\u0151 Szervezett\u0151l, enged\u00e9lyt kaptunk arra, hogy a 94\/9\/EK ATEX ir\u00e1nyelvvel bejelents\u00fck a robban\u00e1s \u00e1ltal vesz\u00e9lyeztetett ter\u00fcleteken val\u00f3 \u00fczemeltet\u00e9sre sz\u00e1nt term\u00e9keink megfelel\u0151s\u00e9g\u00e9t.<br \/>\nEzt a j\u00f3v\u00e1hagy\u00e1si KONCERT 13 ATEXQ 012 is meger\u0151s\u00edti.<\/td>\n<td>&nbsp;<\/td>\n<\/tr>\n<tr>\n<td colspan=\"3\">&nbsp;<\/td>\n<\/tr>\n<\/tbody>\n<\/table>\n<\/td>\n<\/tr>\n<tr>\n<td colspan=\"2\">A Radwag c\u00e9g egy M\u00e9r\u0151laborat\u00f3riumot is mag\u00e1ban foglal, amelyet a v\u00e1llalat szerkezet\u00e9b\u0151l f\u00fcggetlen test\u00fcletk\u00e9nt hoztak l\u00e9tre \u00e9s v\u00e1lasztottak ki. 2004-ben a Radwag Measuring Laboratory akkredit\u00e1ci\u00f3t kapott a Lengyel Akkredit\u00e1ci\u00f3s K\u00f6zpontt\u00f3l (AP 069), elismerve alkalmass\u00e1g\u00e1t \u00e9s min\u0151s\u00e9gir\u00e1ny\u00edt\u00e1si rendszer\u00e9nek a Nemzetk\u00f6zi Szabv\u00e1ny &#8211; PN-EN ISO\/IEC 17025:2005 k\u00f6vetelm\u00e9nyeinek val\u00f3 megfelel\u00e9s\u00e9t.<\/td>\n<\/tr>\n<tr>\n<td colspan=\"2\">&nbsp;<\/td>\n<\/tr>\n<tr>\n<td colspan=\"2\">\n<table border=\"0\" cellspacing=\"0\" cellpadding=\"0\">\n<tbody>\n<tr>\n<td rowspan=\"2\" align=\"center\" valign=\"top\" width=\"110\"><a href=\"http:\/\/www.pca.gov.pl\/\" target=\"_blank\" rel=\"noopener noreferrer\"><img loading=\"lazy\" src=\"\/wp-content\/uploads\/sites\/3\/2018\/12\/emalog_radwag_iso-quality-system_icons_pca_cert.jpg\" alt=\"Certyfikat PCA\" width=\"56\" height=\"50\" border=\"0\"><\/a><\/td>\n<td valign=\"top\"><strong>Lengyel Akkredit\u00e1ci\u00f3s K\u00f6zpont<\/strong><\/td>\n<td width=\"70\"><\/td>\n<\/tr>\n<tr>\n<td valign=\"top\">A laborat\u00f3riumok akkredit\u00e1ci\u00f3j\u00e1val foglalkoz\u00f3 lengyel test\u00fclet. A PCA meger\u0151s\u00edtette, hogy a RADWAG m\u00e9r\u0151laborat\u00f3riuma megfelel az ISO\/IEC 17025:2001 szabv\u00e1nynak.<\/td>\n<\/tr>\n<\/tbody>\n<\/table>\n<\/td>\n<\/tr>\n<\/tbody>\n<\/table>\n","protected":false},"excerpt":{"rendered":"<p>&nbsp; A RADWAG az elektronikus m\u00e9rlegek j\u00f3l ismert gy\u00e1rt\u00f3ja Eur\u00f3p\u00e1ban \u00e9s a tengerent\u00falon. A RADWAG sok \u00e9ven \u00e1t az elektronikus m\u00e9r\u0151berendez\u00e9sek legnagyobb gy\u00e1rt\u00f3ja Lengyelorsz\u00e1gban. 2002 \u00f3ta az ISO 9001 bevezetett \u00e9s dokument\u00e1lt min\u0151s\u00e9gir\u00e1ny\u00edt\u00e1si rendszernek megfelel\u0151en m\u0171k\u00f6dik. &nbsp; Certifying Body&nbsp;GEM CERT E. Niegowska Sp. J. Gem CERT E. Niegowska GP tan\u00fas\u00edt\u00f3 test\u00fclet meger\u0151s\u00edtette, hogy a RADWAG<br \/><a class=\"more-link\" href=\"https:\/\/radwag-merleg.hu\/hu\/iso-minosegbiztositasi-rendszer\/\"><br \/>\n        Read More<span class=\"screen-reader-text\"> &#8220;ISO min\u0151s\u00e9gbiztos\u00edt\u00e1si rendszer&#8221;<\/span><\/a><\/p>\n","protected":false},"author":148,"featured_media":0,"parent":0,"menu_order":0,"comment_status":"closed","ping_status":"closed","template":"","meta":{"ngg_post_thumbnail":0},"yoast_head":"<!-- This site is optimized with the Yoast SEO Premium plugin v15.6.2 - https:\/\/yoast.com\/wordpress\/plugins\/seo\/ -->\n<title>ISO min\u0151s\u00e9gbiztos\u00edt\u00e1si rendszer - Radwag m\u00e9rlegek<\/title>\n<meta name=\"robots\" content=\"index, follow, max-snippet:-1, max-image-preview:large, max-video-preview:-1\" \/>\n<link rel=\"canonical\" href=\"https:\/\/radwag-merleg.hu\/hu\/iso-minosegbiztositasi-rendszer\/\" \/>\n<meta property=\"og:locale\" content=\"hu_HU\" \/>\n<meta property=\"og:type\" content=\"article\" \/>\n<meta property=\"og:title\" content=\"ISO min\u0151s\u00e9gbiztos\u00edt\u00e1si rendszer - Radwag m\u00e9rlegek\" \/>\n<meta property=\"og:description\" content=\"&nbsp; A RADWAG az elektronikus m\u00e9rlegek j\u00f3l ismert gy\u00e1rt\u00f3ja Eur\u00f3p\u00e1ban \u00e9s a tengerent\u00falon. A RADWAG sok \u00e9ven \u00e1t az elektronikus m\u00e9r\u0151berendez\u00e9sek legnagyobb gy\u00e1rt\u00f3ja Lengyelorsz\u00e1gban. 2002 \u00f3ta az ISO 9001 bevezetett \u00e9s dokument\u00e1lt min\u0151s\u00e9gir\u00e1ny\u00edt\u00e1si rendszernek megfelel\u0151en m\u0171k\u00f6dik. &nbsp; Certifying Body&nbsp;GEM CERT E. Niegowska Sp. J. Gem CERT E. Niegowska GP tan\u00fas\u00edt\u00f3 test\u00fclet meger\u0151s\u00edtette, hogy a RADWAG     Read More &quot;ISO min\u0151s\u00e9gbiztos\u00edt\u00e1si rendszer&quot;\" \/>\n<meta property=\"og:url\" content=\"https:\/\/radwag-merleg.hu\/hu\/iso-minosegbiztositasi-rendszer\/\" \/>\n<meta property=\"og:site_name\" content=\"Radwag m\u00e9rlegek\" \/>\n<meta property=\"og:image\" content=\"https:\/\/radwag-merleg.hu\/wp-content\/uploads\/sites\/3\/2018\/12\/emalog_radwag_iso-quality-system_icons_gem-logo.gif\" \/>\n<meta name=\"twitter:card\" content=\"summary_large_image\" \/>\n<meta name=\"twitter:label1\" content=\"Est. reading time\">\n\t<meta name=\"twitter:data1\" content=\"2 perc\">\n<script type=\"application\/ld+json\" class=\"yoast-schema-graph\">{\"@context\":\"https:\/\/schema.org\",\"@graph\":[{\"@type\":\"Organization\",\"@id\":\"https:\/\/radwag-merleg.hu\/hu\/#organization\",\"name\":\"EMALOG Kft.\",\"url\":\"https:\/\/radwag-merleg.hu\/hu\/\",\"sameAs\":[],\"logo\":{\"@type\":\"ImageObject\",\"@id\":\"https:\/\/radwag-merleg.hu\/hu\/#logo\",\"inLanguage\":\"hu\",\"url\":\"https:\/\/radwag-merleg.hu\/wp-content\/uploads\/sites\/3\/2024\/02\/emalog-yellow.png\",\"width\":600,\"height\":600,\"caption\":\"EMALOG Kft.\"},\"image\":{\"@id\":\"https:\/\/radwag-merleg.hu\/hu\/#logo\"}},{\"@type\":\"WebSite\",\"@id\":\"https:\/\/radwag-merleg.hu\/hu\/#website\",\"url\":\"https:\/\/radwag-merleg.hu\/hu\/\",\"name\":\"Radwag m\\u00e9rlegek\",\"description\":\"prec\\u00edzi\\u00f3s \\u00e9s analitikai m\\u00e9rlegek az EMALOG Kft. k\\u00edn\\u00e1lat\\u00e1ban\",\"publisher\":{\"@id\":\"https:\/\/radwag-merleg.hu\/hu\/#organization\"},\"potentialAction\":[{\"@type\":\"SearchAction\",\"target\":\"https:\/\/radwag-merleg.hu\/hu\/?s={search_term_string}\",\"query-input\":\"required name=search_term_string\"}],\"inLanguage\":\"hu\"},{\"@type\":\"ImageObject\",\"@id\":\"https:\/\/radwag-merleg.hu\/hu\/iso-minosegbiztositasi-rendszer\/#primaryimage\",\"inLanguage\":\"hu\",\"url\":\"\/wp-content\/uploads\/sites\/3\/2018\/12\/emalog_radwag_iso-quality-system_icons_gem-logo.gif\"},{\"@type\":\"WebPage\",\"@id\":\"https:\/\/radwag-merleg.hu\/hu\/iso-minosegbiztositasi-rendszer\/#webpage\",\"url\":\"https:\/\/radwag-merleg.hu\/hu\/iso-minosegbiztositasi-rendszer\/\",\"name\":\"ISO min\\u0151s\\u00e9gbiztos\\u00edt\\u00e1si rendszer - Radwag m\\u00e9rlegek\",\"isPartOf\":{\"@id\":\"https:\/\/radwag-merleg.hu\/hu\/#website\"},\"primaryImageOfPage\":{\"@id\":\"https:\/\/radwag-merleg.hu\/hu\/iso-minosegbiztositasi-rendszer\/#primaryimage\"},\"datePublished\":\"2018-12-05T09:21:20+00:00\",\"dateModified\":\"2018-12-05T09:21:20+00:00\",\"inLanguage\":\"hu\",\"potentialAction\":[{\"@type\":\"ReadAction\",\"target\":[\"https:\/\/radwag-merleg.hu\/hu\/iso-minosegbiztositasi-rendszer\/\"]}]}]}<\/script>\n<!-- \/ Yoast SEO Premium plugin. -->","_links":{"self":[{"href":"https:\/\/radwag-merleg.hu\/hu\/wp-json\/wp\/v2\/pages\/9644"}],"collection":[{"href":"https:\/\/radwag-merleg.hu\/hu\/wp-json\/wp\/v2\/pages"}],"about":[{"href":"https:\/\/radwag-merleg.hu\/hu\/wp-json\/wp\/v2\/types\/page"}],"author":[{"embeddable":true,"href":"https:\/\/radwag-merleg.hu\/hu\/wp-json\/wp\/v2\/users\/148"}],"replies":[{"embeddable":true,"href":"https:\/\/radwag-merleg.hu\/hu\/wp-json\/wp\/v2\/comments?post=9644"}],"version-history":[{"count":0,"href":"https:\/\/radwag-merleg.hu\/hu\/wp-json\/wp\/v2\/pages\/9644\/revisions"}],"wp:attachment":[{"href":"https:\/\/radwag-merleg.hu\/hu\/wp-json\/wp\/v2\/media?parent=9644"}],"curies":[{"name":"wp","href":"https:\/\/api.w.org\/{rel}","templated":true}]}}