{"id":181,"date":"2018-12-05T10:22:59","date_gmt":"2018-12-05T09:22:59","guid":{"rendered":"http:\/\/radwag-merleg.hu\/?page_id=181"},"modified":"2018-12-05T16:40:17","modified_gmt":"2018-12-05T15:40:17","slug":"products-certificates","status":"publish","type":"page","link":"https:\/\/radwag-merleg.hu\/hu\/products-certificates\/","title":{"rendered":"Products Certificates"},"content":{"rendered":"<table style=\"text-align: justify;\" border=\"0\" cellspacing=\"0\" cellpadding=\"0\">\n<tbody>\n<tr>\n<td style=\"padding-bottom: 10px; border-bottom: 1px solid #cdcdcd;\" colspan=\"2\"><strong>Metrological Certificates<\/strong><\/td>\n<\/tr>\n<tr>\n<td colspan=\"2\">&nbsp;<\/td>\n<\/tr>\n<tr>\n<td style=\"width: 100px; text-align: center;\" rowspan=\"2\" valign=\"top\"><a href=\"http:\/\/www.gum.gov.pl\/\" target=\"_blank\" rel=\"noopener\"><img src=\"\/wp-content\/uploads\/sites\/3\/2018\/12\/emalog_radwag_products_certificates_table_icons_gum.gif\"><\/a><\/td>\n<td><strong>Central Office of Measures<\/strong><\/td>\n<\/tr>\n<tr>\n<td>Polish notified body according to directive 90\/384\/EEC &#8211; NAWI. It performs complete tests on RADWAG prototypes of weighing instruments and issues Conformity Certificate Type EC.<\/p>\n<table style=\"width: 100%; background: #f5f5f5;\" border=\"1\" cellspacing=\"0\" cellpadding=\"5\">\n<tbody>\n<tr>\n<td width=\"25\"><strong>No.<\/strong><\/td>\n<td><strong>Instrument type<\/strong><\/td>\n<td width=\"120\"><strong>Approval no.<\/strong><\/td>\n<td width=\"135\"><strong>No. of notified body<\/strong><\/td>\n<\/tr>\n<tr>\n<td>1<\/td>\n<td>&nbsp;WMT<\/td>\n<td>PL 04 003<\/td>\n<td rowspan=\"4\">GUM 1440<\/td>\n<\/tr>\n<tr>\n<td>2<\/td>\n<td>&nbsp;TMC<\/td>\n<td>PL 04 004<\/td>\n<\/tr>\n<tr>\n<td>3<\/td>\n<td>&nbsp;WLT<\/td>\n<td>PL 04 011<\/td>\n<\/tr>\n<tr>\n<td>4<\/td>\n<td>&nbsp;WTX<\/td>\n<td>PL 04 024<\/td>\n<\/tr>\n<\/tbody>\n<\/table>\n<\/td>\n<\/tr>\n<tr>\n<td colspan=\"2\">&nbsp;<\/td>\n<\/tr>\n<tr>\n<td style=\"text-align: center;\" rowspan=\"2\" valign=\"top\"><a href=\"http:\/\/www.cmi.cz\/\" target=\"_blank\" rel=\"noopener\"><img src=\"\/wp-content\/uploads\/sites\/3\/2018\/12\/emalog_radwag_products_certificates_table_icons_cmi.gif\"><\/a><\/td>\n<td><strong>\u010cesk\u00fd Metrologick\u00fd Institut<\/strong><\/td>\n<\/tr>\n<tr>\n<td>Czech notified body according to directive 90\/384\/EEC &#8211; NAWI and 2004\/22\/WE &#8211; MID. It performs test certificates for prototypes of RADWAG weighing instruments and issues EC Certificate of Type Compatibility. CMI has performed certification of RADWAG quality management system for compatibility with directive 90\/384\/EEC and 2004\/22\/EC.<\/p>\n<table border=\"1\" width=\"100%\" cellspacing=\"0\" cellpadding=\"5\" bgcolor=\"#F5F5F5\">\n<tbody>\n<tr>\n<td width=\"25\"><strong>No.<\/strong><\/td>\n<td><strong>Instrument type<\/strong><\/td>\n<td width=\"120\"><strong>Approval no.<\/strong><\/td>\n<td width=\"135\"><strong>No. of notified body<\/strong><\/td>\n<\/tr>\n<tr>\n<td>1<\/td>\n<td>&nbsp;APP xxx\/C\/2<\/td>\n<td>TCM 128\/08-4619<\/td>\n<td rowspan=\"16\">CMI1383<\/td>\n<\/tr>\n<tr>\n<td>2<\/td>\n<td>&nbsp;AS xxx\/C\/2<\/td>\n<td>TCM 128\/07-4486<\/td>\n<\/tr>\n<tr>\n<td>3<\/td>\n<td>&nbsp;AS xxx\/X<\/td>\n<td>TCM 128\/08-4642<\/td>\n<\/tr>\n<tr>\n<td>4<\/td>\n<td>&nbsp;PS xxx\/C\/1 PS xxx\/C\/2<\/td>\n<td>TCM 128\/08-4595<\/td>\n<\/tr>\n<tr>\n<td>5<\/td>\n<td>&nbsp;PUE 1\/6<\/td>\n<td>ZR 128\/05-0044<\/td>\n<\/tr>\n<tr>\n<td>6<\/td>\n<td>&nbsp;PUE 4H<\/td>\n<td>ZR 128\/05-0041<\/td>\n<\/tr>\n<tr>\n<td>7<\/td>\n<td>&nbsp;PUE 5<\/td>\n<td>ZR 128\/08-0054<\/td>\n<\/tr>\n<tr>\n<td>8<\/td>\n<td>&nbsp;PUE C\/30<\/td>\n<td>ZR 128\/06-0047<\/td>\n<\/tr>\n<tr>\n<td>9<\/td>\n<td>&nbsp;PUE C41H<\/td>\n<td>ZR 128\/07-0052<\/td>\n<\/tr>\n<tr>\n<td>10<\/td>\n<td>&nbsp;PUE C\/31, C\/31 H, PUE C\/31 H\/EX<\/td>\n<td>ZR 128\/06-0050<\/td>\n<\/tr>\n<tr>\n<td>11<\/td>\n<td>&nbsp;WAS xxx\/C\/2, WAS xxx\/X<\/td>\n<td>TCM 128\/05-4271<\/td>\n<\/tr>\n<tr>\n<td>12<\/td>\n<td>&nbsp;WLC xx, WLC xx\/C\/2<\/td>\n<td>TCM 128\/08-4569<\/td>\n<\/tr>\n<tr>\n<td>13<\/td>\n<td>&nbsp;WPS xxx\/C\/10<\/td>\n<td>TCM 128\/05-4261<\/td>\n<\/tr>\n<tr>\n<td>14<\/td>\n<td>&nbsp;WTC xx\/S, WTC xx\/SW, WTC xx\/RS,<br \/>\nWTC xx\/RSW<\/td>\n<td>TCM 128\/07-4532<\/td>\n<\/tr>\n<tr>\n<td>15<\/td>\n<td>&nbsp;WXD 200\/2000<\/td>\n<td>TCM 128\/05-4270<\/td>\n<\/tr>\n<tr>\n<td>16<\/td>\n<td>&nbsp;XA xxx\/X<\/td>\n<td>TCM 128\/09-4656<\/td>\n<\/tr>\n<\/tbody>\n<\/table>\n<\/td>\n<\/tr>\n<tr>\n<td colspan=\"2\">&nbsp;<\/td>\n<\/tr>\n<tr>\n<td style=\"text-align: center;\" rowspan=\"2\" valign=\"top\"><a href=\"http:\/\/www.nmi.nl\/\" target=\"_blank\" rel=\"noopener\"><img src=\"\/wp-content\/uploads\/sites\/3\/2018\/12\/emalog_radwag_products_certificates_table_icons_nmi.gif\"><\/a><\/td>\n<td><strong>Nederlands Meetinstituut<\/strong><\/td>\n<\/tr>\n<tr>\n<td>\n<table border=\"1\" width=\"100%\" cellspacing=\"0\" cellpadding=\"5\" bgcolor=\"#F5f5f5\">\n<tbody>\n<tr>\n<td width=\"25\"><strong>No.<\/strong><\/td>\n<td><strong>Instrument type<\/strong><\/td>\n<td width=\"120\"><strong>Approval no.<\/strong><\/td>\n<td width=\"135\"><strong>No. of notified body<\/strong><\/td>\n<\/tr>\n<tr>\n<td>1<\/td>\n<td>&nbsp;WAA, WAX, VX, VXI, UAX-xxxI<\/td>\n<td>T6070<\/td>\n<td rowspan=\"10\">NMI 0122<\/td>\n<\/tr>\n<tr>\n<td>2<\/td>\n<td>&nbsp;WPX, VS, VSI, UPX-xxxxI<\/td>\n<td>T6098<\/td>\n<\/tr>\n<tr>\n<td>3<\/td>\n<td>&nbsp;WPT 20D<\/td>\n<td>T6327<\/td>\n<\/tr>\n<tr>\n<td>4<\/td>\n<td>&nbsp;WAA xxx\/C\/2, STB, STR, UAA-xxxI<\/td>\n<td>T6353<\/td>\n<\/tr>\n<tr>\n<td>5<\/td>\n<td>&nbsp;WPT 150.O<\/td>\n<td>T6362<\/td>\n<\/tr>\n<tr>\n<td>6<\/td>\n<td nowrap=\"nowrap\">&nbsp;Weighing instruments class<br \/>\n<img loading=\"lazy\" src=\"\/wp-content\/uploads\/sites\/3\/2018\/12\/emalog_radwag_products_certificates_table_icons_klasa3.gif\" alt=\"\" width=\"25\" height=\"14\">&nbsp;and&nbsp;<img loading=\"lazy\" src=\"\/wp-content\/uploads\/sites\/3\/2018\/12\/emalog_radwag_products_certificates_table_icons_klasa4.gif\" alt=\"\" width=\"25\" height=\"14\">&nbsp;(on bases of certified<br \/>\nmodules)<\/td>\n<td>T6496<\/td>\n<\/tr>\n<tr>\n<td>7<\/td>\n<td>&nbsp;XA xxx<\/td>\n<td>T6848<\/td>\n<\/tr>\n<tr>\n<td>8<\/td>\n<td>&nbsp;PUE C\/3<\/td>\n<td>TC6495<\/td>\n<\/tr>\n<tr>\n<td>9<\/td>\n<td>&nbsp;PUE 1\/5 x<\/td>\n<td>TC6520<\/td>\n<\/tr>\n<tr>\n<td>10<\/td>\n<td>&nbsp;PUE HX<\/td>\n<td>TC6607<\/td>\n<\/tr>\n<\/tbody>\n<\/table>\n<\/td>\n<\/tr>\n<tr>\n<td colspan=\"2\">&nbsp;<\/td>\n<\/tr>\n<tr>\n<td style=\"text-align: center;\" rowspan=\"2\" valign=\"top\"><a href=\"http:\/\/www.ncwm.net\/\" target=\"_blank\" rel=\"noopener\"><img src=\"\/wp-content\/uploads\/sites\/3\/2018\/12\/emalog_radwag_products_certificates_table_icons_ntep_cert.gif\"><\/a><\/td>\n<td><strong>National Type Evaluation Program<\/strong><\/td>\n<\/tr>\n<tr>\n<td>American notified body. It performs complete tests of weighing instruments on compatibility with norms valid on territory of USA.<\/p>\n<table border=\"1\" width=\"100%\" cellspacing=\"0\" cellpadding=\"5\" align=\"center\" bgcolor=\"#f5f5f5\">\n<tbody>\n<tr>\n<td width=\"25\"><strong>No.<\/strong><\/td>\n<td><strong>Instrument type<\/strong><\/td>\n<td width=\"135\"><strong>Approval no.<\/strong><\/td>\n<\/tr>\n<tr>\n<td>1<\/td>\n<td>&nbsp;PUE C\/31, PUE C\/31H<\/td>\n<td><a href=\"https:\/\/radwag.com\/pdf\/certyfikaty\/en\/07-043A1.pdf\" target=\"_blank\" rel=\"noopener\">07-043<\/a><\/td>\n<\/tr>\n<tr>\n<td>2<\/td>\n<td>&nbsp;Weighing platforms WPT<\/td>\n<td><a href=\"https:\/\/radwag.com\/pdf\/certyfikaty\/en\/07-067A1.pdf\" target=\"_blank\" rel=\"noopener\">07-067<\/a><\/td>\n<\/tr>\n<\/tbody>\n<\/table>\n<\/td>\n<\/tr>\n<tr>\n<td colspan=\"2\">&nbsp;<\/td>\n<\/tr>\n<tr>\n<td style=\"text-align: center;\" rowspan=\"2\" valign=\"top\"><img src=\"\/wp-content\/uploads\/sites\/3\/2018\/12\/emalog_radwag_products_certificates_table_icons_cmo_cert.jpg\"><\/td>\n<td><strong>Meteorology Law of the People&#8217;s Republic of China<\/strong><\/td>\n<\/tr>\n<tr>\n<td>Chinese Certifying Office has performed tests on RADWAG weighing instruments and issued type approval document for RADWAG laboratory balances.<\/p>\n<table border=\"1\" width=\"100%\" cellspacing=\"0\" cellpadding=\"5\" align=\"center\" bgcolor=\"#f5f5f5\">\n<tbody>\n<tr>\n<td width=\"25\"><strong>No.<\/strong><\/td>\n<td><strong>Instrument type<\/strong><\/td>\n<td width=\"135\"><strong>Approval no.<\/strong><\/td>\n<\/tr>\n<tr>\n<td>1<\/td>\n<td>Analitycal balances XA<\/td>\n<td><a href=\"https:\/\/radwag.com\/pdf\/certyfikaty\/en\/certyfikat_ch_analit.pdf\" target=\"_blank\" rel=\"noopener\">2007-F218<\/a><\/td>\n<\/tr>\n<tr>\n<td>2<\/td>\n<td>Precision balances WPS, WPX, microbalances MXA<\/td>\n<td><a href=\"https:\/\/radwag.com\/pdf\/certyfikaty\/en\/certyfikat_ch_precyz.pdf\" target=\"_blank\" rel=\"noopener\">2007-F219<\/a><\/td>\n<\/tr>\n<\/tbody>\n<\/table>\n<\/td>\n<\/tr>\n<tr>\n<td colspan=\"2\">&nbsp;<\/td>\n<\/tr>\n<tr>\n<td style=\"text-align: center;\" rowspan=\"2\" valign=\"top\"><a href=\"http:\/\/www.sanayi.gov.tr\/\" target=\"_blank\" rel=\"noopener\"><img src=\"\/wp-content\/uploads\/sites\/3\/2018\/12\/emalog_radwag_products_certificates_table_icons_sanayi_cert.jpg\"><\/a><\/td>\n<td><strong>Sanayi Ve Ticaret Bakanligi<\/strong><\/td>\n<\/tr>\n<tr>\n<td>\n<table border=\"1\" width=\"100%\" cellspacing=\"0\" cellpadding=\"5\" align=\"center\" bgcolor=\"#f5f5f5\">\n<tbody>\n<tr>\n<td width=\"25\"><strong>No.<\/strong><\/td>\n<td><strong>Instrument type<\/strong><\/td>\n<td width=\"135\"><strong>No. of notified body<\/strong><\/td>\n<\/tr>\n<tr>\n<td>1<\/td>\n<td>&nbsp;WAA xxx\/C\/2<\/td>\n<td>NMI-0122<\/td>\n<\/tr>\n<tr>\n<td>2<\/td>\n<td>&nbsp;WAX<\/td>\n<td>NMI-0122<\/td>\n<\/tr>\n<tr>\n<td>3<\/td>\n<td>&nbsp;WPX<\/td>\n<td>NMI-0122<\/td>\n<\/tr>\n<tr>\n<td>4<\/td>\n<td>&nbsp;WPS xxx\/C\/2<\/td>\n<td>NMI-0122<\/td>\n<\/tr>\n<tr>\n<td>5<\/td>\n<td>&nbsp;WAS xxx\/X<\/td>\n<td>TCM 128\/05-4271<\/td>\n<\/tr>\n<tr>\n<td>6<\/td>\n<td>&nbsp;WPS xxx\/C\/10<\/td>\n<td>TCM 128\/05-4261<\/td>\n<\/tr>\n<\/tbody>\n<\/table>\n<\/td>\n<\/tr>\n<tr>\n<td colspan=\"2\">&nbsp;<\/td>\n<\/tr>\n<tr>\n<td style=\"text-align: center;\" rowspan=\"2\" valign=\"top\"><img src=\"\/wp-content\/uploads\/sites\/3\/2018\/12\/emalog_radwag_products_certificates_table_icons_gost_cert.jpg\"><\/td>\n<td><strong>Ukraine State Metrological System<\/strong><\/td>\n<\/tr>\n<tr>\n<td>\n<table border=\"1\" width=\"100%\" cellspacing=\"0\" cellpadding=\"5\" align=\"center\" bgcolor=\"#f5f5f5\">\n<tbody>\n<tr>\n<td width=\"25\"><strong>No.<\/strong><\/td>\n<td><strong>Instrument type<\/strong><\/td>\n<td width=\"135\"><strong>No. of notified body<\/strong><\/td>\n<\/tr>\n<tr>\n<td>1<\/td>\n<td>&nbsp;XA<\/td>\n<td rowspan=\"5\">UA-MI\/2p-2119-2006<\/td>\n<\/tr>\n<tr>\n<td>2<\/td>\n<td>&nbsp;WPT<\/td>\n<\/tr>\n<tr>\n<td>3<\/td>\n<td>&nbsp;WPS<\/td>\n<\/tr>\n<tr>\n<td>4<\/td>\n<td>&nbsp;WPS xxx\/S<\/td>\n<\/tr>\n<tr>\n<td>5<\/td>\n<td>&nbsp;WPS 50SX<\/td>\n<\/tr>\n<\/tbody>\n<\/table>\n<\/td>\n<\/tr>\n<tr>\n<td colspan=\"2\">&nbsp;<\/td>\n<\/tr>\n<tr>\n<td style=\"text-align: center;\" rowspan=\"2\" valign=\"top\"><img src=\"\/wp-content\/uploads\/sites\/3\/2018\/12\/emalog_radwag_products_certificates_table_icons_gostrus_cert.jpg\"><\/td>\n<td><strong>Russian Federal Agency on Technical Regulating and Metrology<\/strong><\/td>\n<\/tr>\n<tr>\n<td>\n<table border=\"1\" width=\"100%\" cellspacing=\"0\" cellpadding=\"5\" bgcolor=\"#f5f5f5\">\n<tbody>\n<tr>\n<td width=\"25\"><strong>No.<\/strong><\/td>\n<td><strong>Instrument type<\/strong><\/td>\n<td width=\"135\"><strong>No. of notified body<\/strong><\/td>\n<\/tr>\n<tr>\n<td>1<\/td>\n<td>WAX, WPM, HX comparator mass&nbsp;<\/td>\n<td>33761-07<\/td>\n<\/tr>\n<tr>\n<td>2<\/td>\n<td>&nbsp;WAS<\/td>\n<td>27951-04<\/td>\n<\/tr>\n<tr>\n<td>3<\/td>\n<td>&nbsp;WPS<\/td>\n<td>28616-05<\/td>\n<\/tr>\n<tr>\n<td>4<\/td>\n<td>&nbsp;XA, WPX, MXA<\/td>\n<td>34926-07<\/td>\n<\/tr>\n<tr>\n<td>5<\/td>\n<td>&nbsp;WPS 50SX<\/td>\n<td>29200-05<\/td>\n<\/tr>\n<\/tbody>\n<\/table>\n<\/td>\n<\/tr>\n<tr>\n<td colspan=\"2\" height=\"50\">&nbsp;<\/td>\n<\/tr>\n<tr>\n<td style=\"padding-bottom: 10px; border-bottom: 1px solid #cdcdcd;\" colspan=\"2\"><strong>Special Certificates<\/strong><\/td>\n<\/tr>\n<tr>\n<td colspan=\"2\">&nbsp;<\/td>\n<\/tr>\n<tr>\n<td style=\"text-align: center;\" rowspan=\"2\" valign=\"top\"><a href=\"http:\/\/www.tuv.com\/\" target=\"_blank\" rel=\"noopener\"><img src=\"\/wp-content\/uploads\/sites\/3\/2018\/12\/emalog_radwag_products_certificates_table_icons_tuv_rheinland.gif\"><\/a><\/td>\n<td><strong>T\u00dcV Rheinland<\/strong><\/td>\n<\/tr>\n<tr>\n<td>German notified body according to directive 93\/42\/EEC and for evaluation of quality management system of manufacturers of medical instruments. TUV Rheinland has certified RADWAG for compatibility with directive 93\/42\/EEC; attachment V and norm EN ISO 13485:2003.<\/p>\n<table border=\"1\" width=\"100%\" cellspacing=\"0\" cellpadding=\"5\" bgcolor=\"#f5f5f5\">\n<tbody>\n<tr>\n<td width=\"25\"><strong>No.<\/strong><\/td>\n<td><strong>Instrument type<\/strong><\/td>\n<td width=\"120\"><strong>Approval no.<\/strong><\/td>\n<td width=\"135\"><strong>No. of notified body<\/strong><\/td>\n<\/tr>\n<tr>\n<td>1<\/td>\n<td>Personal and baby scales<\/td>\n<td>DD 60019085 0001<\/td>\n<td rowspan=\"2\">0197<\/td>\n<\/tr>\n<tr>\n<td>2<\/td>\n<td>Personal and baby scales<\/td>\n<td>SX 60019086 0001<\/td>\n<\/tr>\n<\/tbody>\n<\/table>\n<\/td>\n<\/tr>\n<tr>\n<td colspan=\"2\" height=\"50\">&nbsp;<\/td>\n<\/tr>\n<tr>\n<td style=\"padding-bottom: 10px; border-bottom: 1px solid #cdcdcd;\" colspan=\"2\"><strong>Safety Certificates<\/strong><\/td>\n<\/tr>\n<tr>\n<td colspan=\"2\">&nbsp;<\/td>\n<\/tr>\n<tr>\n<td style=\"text-align: center;\" rowspan=\"2\" valign=\"top\"><a href=\"http:\/\/www.pzh.gov.pl\/\" target=\"_blank\" rel=\"noopener\"><img src=\"\/wp-content\/uploads\/sites\/3\/2018\/12\/emalog_radwag_products_certificates_table_icons_pzh.gif\"><\/a><\/td>\n<td><strong>Polish National Hygiene Institute<\/strong><\/td>\n<\/tr>\n<tr>\n<td>Science and Tests Institute for testing RADWAG weighing instruments on attestation for contact with food and harm of human health and life. It issues Certificate of Health Quality.<\/p>\n<table border=\"1\" width=\"100%\" cellspacing=\"0\" cellpadding=\"5\" bgcolor=\"#f5f5f5\">\n<tbody>\n<tr>\n<td width=\"25\"><strong>No.<\/strong><\/td>\n<td><strong>Instrument type<\/strong><\/td>\n<td width=\"135\"><strong>No. of certificate<\/strong><\/td>\n<\/tr>\n<tr>\n<td>1<\/td>\n<td>&nbsp;WPTxxx\/C, WXD, WPX, WPSxxx\/C2, WTXxxx\/KTP,<br \/>\nTMCxxx\/KTP\/H<\/td>\n<td>HZ\/D\/2310\/1\/2005<\/td>\n<\/tr>\n<tr>\n<td>2<\/td>\n<td>&nbsp;WPT\/F, WPT\/R, WPTxxx\/H, WPT\/Wxxx\/H,WPT\/4xxx\/H<\/td>\n<td>HZ\/D\/2310\/2\/2005<\/td>\n<\/tr>\n<tr>\n<td>3<\/td>\n<td>&nbsp;WPT\/4P2, WPT\/4P, WPT\/T, WPT\/W<\/td>\n<td>HZ\/D\/2310\/3\/2005<\/td>\n<\/tr>\n<tr>\n<td>4<\/td>\n<td>&nbsp;WPT\/4N, WPT\/2K, WPT\/4I<\/td>\n<td>HZ\/D\/2310\/4\/2005<\/td>\n<\/tr>\n<tr>\n<td>5<\/td>\n<td>&nbsp;WPT\/D<\/td>\n<td>HZ\/C\/00820\/04<\/td>\n<\/tr>\n<\/tbody>\n<\/table>\n<\/td>\n<\/tr>\n<tr>\n<td colspan=\"2\">&nbsp;<\/td>\n<\/tr>\n<tr>\n<td style=\"text-align: center;\" rowspan=\"2\"><a href=\"http:\/\/www.wcnjk.wp.mil.pl\/\" target=\"_blank\" rel=\"noopener\"><img src=\"\/wp-content\/uploads\/sites\/3\/2018\/12\/emalog_radwag_products_certificates_table_icons_wcnjk.gif\"><\/a><\/td>\n<td><strong>Military Centre for Normalization, Quality and Codification<\/strong><\/td>\n<\/tr>\n<tr>\n<td>Polish certifying unit for compatibility with NATO standardizing documentation AQAP. It issues a document: NATO Code of National Market Unit, which is confirmed by a respective certificate.<\/p>\n<div style=\"text-align: right;\"><a href=\"https:\/\/radwag.com\/pdf\/certyfikaty\/en\/certyfikat_nato.pdf\" target=\"_blank\" rel=\"noopener\">more \u00bb<\/a><\/div>\n<\/td>\n<\/tr>\n<tr>\n<td colspan=\"2\">&nbsp;<\/td>\n<\/tr>\n<tr>\n<td style=\"text-align: center;\" rowspan=\"2\" valign=\"top\"><a href=\"http:\/\/www.gig.katowice.pl\/\" target=\"_blank\" rel=\"noopener\"><img src=\"\/wp-content\/uploads\/sites\/3\/2018\/12\/emalog_radwag_products_certificates_table_icons_gig.gif\"><\/a><\/td>\n<td><strong>Main Mining Institute<\/strong><\/td>\n<\/tr>\n<tr>\n<td>Notified body according to directive 94\/9\/EC &#8211; ATEX and for quality management system of manufactureres who produce equipment for operation in explosive zones. It performs complete tests of prototypes for operation in explosive zones and issues Test Certificate Type WE. RADWAG has received from Main Mining Institute an Announcement on Quality Assurance.<\/p>\n<table border=\"1\" width=\"100%\" cellspacing=\"0\" cellpadding=\"5\" bgcolor=\"#f5f5f5\">\n<tbody>\n<tr>\n<td width=\"25\"><strong>No.<\/strong><\/td>\n<td><strong>Instrument type<\/strong><\/td>\n<td width=\"120\"><strong>Approval no.<\/strong><\/td>\n<td width=\"135\"><strong>No. of notified body<\/strong><\/td>\n<\/tr>\n<tr>\n<td>1<\/td>\n<td>&nbsp;WTC\/EX<\/td>\n<td rowspan=\"6\">KDB 06ATEX250<br \/>\nKDB 06ATEX251<\/td>\n<td rowspan=\"6\">GIG 1453<\/td>\n<\/tr>\n<tr>\n<td>2<\/td>\n<td>&nbsp;WPT\/EX<\/td>\n<\/tr>\n<tr>\n<td>3<\/td>\n<td>&nbsp;WTC\/4\/EX<\/td>\n<\/tr>\n<tr>\n<td>4<\/td>\n<td>&nbsp;WTC\/4\/Z\/EX<\/td>\n<\/tr>\n<tr>\n<td>5<\/td>\n<td>&nbsp;WPT\/4P\/EX<\/td>\n<\/tr>\n<tr>\n<td>6<\/td>\n<td>&nbsp;WPT\/4N\/EX<\/td>\n<\/tr>\n<\/tbody>\n<\/table>\n<\/td>\n<\/tr>\n<\/tbody>\n<\/table>\n","protected":false},"excerpt":{"rendered":"<p>Metrological Certificates &nbsp; Central Office of Measures Polish notified body according to directive 90\/384\/EEC &#8211; NAWI. It performs complete tests on RADWAG prototypes of weighing instruments and issues Conformity Certificate Type EC. No. Instrument type Approval no. No. of notified body 1 &nbsp;WMT PL 04 003 GUM 1440 2 &nbsp;TMC PL 04 004 3 &nbsp;WLT<br \/><a class=\"more-link\" href=\"https:\/\/radwag-merleg.hu\/hu\/products-certificates\/\"><br \/>\n        Read More<span class=\"screen-reader-text\"> &#8220;Products Certificates&#8221;<\/span><\/a><\/p>\n","protected":false},"author":148,"featured_media":0,"parent":0,"menu_order":0,"comment_status":"closed","ping_status":"closed","template":"","meta":{"ngg_post_thumbnail":0},"yoast_head":"<!-- This site is optimized with the Yoast SEO Premium plugin v15.6.2 - https:\/\/yoast.com\/wordpress\/plugins\/seo\/ -->\n<title>Products Certificates - Radwag m\u00e9rlegek<\/title>\n<meta name=\"robots\" content=\"index, follow, max-snippet:-1, max-image-preview:large, max-video-preview:-1\" \/>\n<link rel=\"canonical\" href=\"https:\/\/radwag-merleg.hu\/hu\/products-certificates\/\" \/>\n<meta property=\"og:locale\" content=\"hu_HU\" \/>\n<meta property=\"og:type\" content=\"article\" \/>\n<meta property=\"og:title\" content=\"Products Certificates - Radwag m\u00e9rlegek\" \/>\n<meta property=\"og:description\" content=\"Metrological Certificates &nbsp; Central Office of Measures Polish notified body according to directive 90\/384\/EEC &#8211; NAWI. It performs complete tests on RADWAG prototypes of weighing instruments and issues Conformity Certificate Type EC. No. Instrument type Approval no. No. of notified body 1 &nbsp;WMT PL 04 003 GUM 1440 2 &nbsp;TMC PL 04 004 3 &nbsp;WLT     Read More &quot;Products Certificates&quot;\" \/>\n<meta property=\"og:url\" content=\"https:\/\/radwag-merleg.hu\/hu\/products-certificates\/\" \/>\n<meta property=\"og:site_name\" content=\"Radwag m\u00e9rlegek\" \/>\n<meta property=\"article:modified_time\" content=\"2018-12-05T15:40:17+00:00\" \/>\n<meta property=\"og:image\" content=\"https:\/\/radwag-merleg.hu\/wp-content\/uploads\/sites\/3\/2018\/12\/emalog_radwag_products_certificates_table_icons_gum.gif\" \/>\n<meta name=\"twitter:card\" content=\"summary_large_image\" \/>\n<meta name=\"twitter:label1\" content=\"Est. reading time\">\n\t<meta name=\"twitter:data1\" content=\"4 perc\">\n<script type=\"application\/ld+json\" class=\"yoast-schema-graph\">{\"@context\":\"https:\/\/schema.org\",\"@graph\":[{\"@type\":\"Organization\",\"@id\":\"https:\/\/radwag-merleg.hu\/hu\/#organization\",\"name\":\"EMALOG Kft.\",\"url\":\"https:\/\/radwag-merleg.hu\/hu\/\",\"sameAs\":[],\"logo\":{\"@type\":\"ImageObject\",\"@id\":\"https:\/\/radwag-merleg.hu\/hu\/#logo\",\"inLanguage\":\"hu\",\"url\":\"https:\/\/radwag-merleg.hu\/wp-content\/uploads\/sites\/3\/2024\/02\/emalog-yellow.png\",\"width\":600,\"height\":600,\"caption\":\"EMALOG Kft.\"},\"image\":{\"@id\":\"https:\/\/radwag-merleg.hu\/hu\/#logo\"}},{\"@type\":\"WebSite\",\"@id\":\"https:\/\/radwag-merleg.hu\/hu\/#website\",\"url\":\"https:\/\/radwag-merleg.hu\/hu\/\",\"name\":\"Radwag m\\u00e9rlegek\",\"description\":\"prec\\u00edzi\\u00f3s \\u00e9s analitikai m\\u00e9rlegek az EMALOG Kft. k\\u00edn\\u00e1lat\\u00e1ban\",\"publisher\":{\"@id\":\"https:\/\/radwag-merleg.hu\/hu\/#organization\"},\"potentialAction\":[{\"@type\":\"SearchAction\",\"target\":\"https:\/\/radwag-merleg.hu\/hu\/?s={search_term_string}\",\"query-input\":\"required name=search_term_string\"}],\"inLanguage\":\"hu\"},{\"@type\":\"ImageObject\",\"@id\":\"https:\/\/radwag-merleg.hu\/hu\/products-certificates\/#primaryimage\",\"inLanguage\":\"hu\",\"url\":\"\/wp-content\/uploads\/sites\/3\/2018\/12\/emalog_radwag_products_certificates_table_icons_gum.gif\"},{\"@type\":\"WebPage\",\"@id\":\"https:\/\/radwag-merleg.hu\/hu\/products-certificates\/#webpage\",\"url\":\"https:\/\/radwag-merleg.hu\/hu\/products-certificates\/\",\"name\":\"Products Certificates - Radwag m\\u00e9rlegek\",\"isPartOf\":{\"@id\":\"https:\/\/radwag-merleg.hu\/hu\/#website\"},\"primaryImageOfPage\":{\"@id\":\"https:\/\/radwag-merleg.hu\/hu\/products-certificates\/#primaryimage\"},\"datePublished\":\"2018-12-05T09:22:59+00:00\",\"dateModified\":\"2018-12-05T15:40:17+00:00\",\"inLanguage\":\"hu\",\"potentialAction\":[{\"@type\":\"ReadAction\",\"target\":[\"https:\/\/radwag-merleg.hu\/hu\/products-certificates\/\"]}]}]}<\/script>\n<!-- \/ Yoast SEO Premium plugin. -->","_links":{"self":[{"href":"https:\/\/radwag-merleg.hu\/hu\/wp-json\/wp\/v2\/pages\/181"}],"collection":[{"href":"https:\/\/radwag-merleg.hu\/hu\/wp-json\/wp\/v2\/pages"}],"about":[{"href":"https:\/\/radwag-merleg.hu\/hu\/wp-json\/wp\/v2\/types\/page"}],"author":[{"embeddable":true,"href":"https:\/\/radwag-merleg.hu\/hu\/wp-json\/wp\/v2\/users\/148"}],"replies":[{"embeddable":true,"href":"https:\/\/radwag-merleg.hu\/hu\/wp-json\/wp\/v2\/comments?post=181"}],"version-history":[{"count":8,"href":"https:\/\/radwag-merleg.hu\/hu\/wp-json\/wp\/v2\/pages\/181\/revisions"}],"predecessor-version":[{"id":206,"href":"https:\/\/radwag-merleg.hu\/hu\/wp-json\/wp\/v2\/pages\/181\/revisions\/206"}],"wp:attachment":[{"href":"https:\/\/radwag-merleg.hu\/hu\/wp-json\/wp\/v2\/media?parent=181"}],"curies":[{"name":"wp","href":"https:\/\/api.w.org\/{rel}","templated":true}]}}