{"id":10854,"date":"2019-03-25T23:32:30","date_gmt":"2019-03-25T22:32:30","guid":{"rendered":"https:\/\/radwag-merleg.hu\/request-quote\/"},"modified":"2021-03-25T13:47:13","modified_gmt":"2021-03-25T12:47:13","slug":"arajanlat-kerese","status":"publish","type":"page","link":"https:\/\/radwag-merleg.hu\/hu\/arajanlat-kerese\/","title":{"rendered":"\u00c1raj\u00e1nlat k\u00e9r\u00e9se"},"content":{"rendered":"\n<div class=\"woocommerce ywraq-wrapper ywraq-empty\">\n\t\t\t<div id=\"yith-ywraq-message\"><div class=\"ywraq-question-message\">\n\t<\/div>\n<\/div>\n\t\t\n\t\t\t\t<div class=\"ywraq-form-table-wrapper vertical\">\n\t\t\t<div class=\"ywraq-before-form\">\n\t<p class=\"ywraq_list_empty_message\">Az aj\u00e1nlatk\u00e9r\u0151 lista most \u00fcres, k\u00e9rj\u00fck adjon hozz\u00e1 term\u00e9keket. <p><p class=\"return-to-shop\"><a class=\"button wc-backward\" href=\"https:\/\/radwag-merleg.hu\/shop\/\">Vissza a katal\u00f3gushoz<\/a><\/p><\/div>\n\t\t\t\t\t<\/div>\n\t<\/div>\n\n","protected":false},"excerpt":{"rendered":"","protected":false},"author":1,"featured_media":0,"parent":0,"menu_order":0,"comment_status":"closed","ping_status":"closed","template":"","meta":{"ngg_post_thumbnail":0},"yoast_head":"<!-- This site is optimized with the Yoast SEO Premium plugin v15.6.2 - https:\/\/yoast.com\/wordpress\/plugins\/seo\/ -->\n<title>\u00c1raj\u00e1nlat k\u00e9r\u00e9se - Radwag m\u00e9rlegek<\/title>\n<meta name=\"robots\" content=\"index, follow, max-snippet:-1, max-image-preview:large, max-video-preview:-1\" \/>\n<link rel=\"canonical\" href=\"https:\/\/radwag-merleg.hu\/hu\/arajanlat-kerese\/\" \/>\n<meta property=\"og:locale\" content=\"hu_HU\" \/>\n<meta property=\"og:type\" content=\"article\" \/>\n<meta property=\"og:title\" content=\"\u00c1raj\u00e1nlat k\u00e9r\u00e9se - Radwag m\u00e9rlegek\" \/>\n<meta property=\"og:url\" content=\"https:\/\/radwag-merleg.hu\/hu\/arajanlat-kerese\/\" \/>\n<meta property=\"og:site_name\" content=\"Radwag m\u00e9rlegek\" \/>\n<meta property=\"article:modified_time\" content=\"2021-03-25T12:47:13+00:00\" \/>\n<meta name=\"twitter:card\" content=\"summary_large_image\" \/>\n<meta name=\"twitter:label1\" content=\"Est. reading time\">\n\t<meta name=\"twitter:data1\" content=\"1 perc\">\n<script type=\"application\/ld+json\" class=\"yoast-schema-graph\">{\"@context\":\"https:\/\/schema.org\",\"@graph\":[{\"@type\":\"Organization\",\"@id\":\"https:\/\/radwag-merleg.hu\/hu\/#organization\",\"name\":\"EMALOG Kft.\",\"url\":\"https:\/\/radwag-merleg.hu\/hu\/\",\"sameAs\":[],\"logo\":{\"@type\":\"ImageObject\",\"@id\":\"https:\/\/radwag-merleg.hu\/hu\/#logo\",\"inLanguage\":\"hu\",\"url\":\"https:\/\/radwag-merleg.hu\/wp-content\/uploads\/sites\/3\/2024\/02\/emalog-yellow.png\",\"width\":600,\"height\":600,\"caption\":\"EMALOG Kft.\"},\"image\":{\"@id\":\"https:\/\/radwag-merleg.hu\/hu\/#logo\"}},{\"@type\":\"WebSite\",\"@id\":\"https:\/\/radwag-merleg.hu\/hu\/#website\",\"url\":\"https:\/\/radwag-merleg.hu\/hu\/\",\"name\":\"Radwag m\\u00e9rlegek\",\"description\":\"prec\\u00edzi\\u00f3s \\u00e9s analitikai m\\u00e9rlegek az EMALOG Kft. k\\u00edn\\u00e1lat\\u00e1ban\",\"publisher\":{\"@id\":\"https:\/\/radwag-merleg.hu\/hu\/#organization\"},\"potentialAction\":[{\"@type\":\"SearchAction\",\"target\":\"https:\/\/radwag-merleg.hu\/hu\/?s={search_term_string}\",\"query-input\":\"required name=search_term_string\"}],\"inLanguage\":\"hu\"},{\"@type\":\"WebPage\",\"@id\":\"https:\/\/radwag-merleg.hu\/hu\/arajanlat-kerese\/#webpage\",\"url\":\"https:\/\/radwag-merleg.hu\/hu\/arajanlat-kerese\/\",\"name\":\"\\u00c1raj\\u00e1nlat k\\u00e9r\\u00e9se - Radwag m\\u00e9rlegek\",\"isPartOf\":{\"@id\":\"https:\/\/radwag-merleg.hu\/hu\/#website\"},\"datePublished\":\"2019-03-25T22:32:30+00:00\",\"dateModified\":\"2021-03-25T12:47:13+00:00\",\"inLanguage\":\"hu\",\"potentialAction\":[{\"@type\":\"ReadAction\",\"target\":[\"https:\/\/radwag-merleg.hu\/hu\/arajanlat-kerese\/\"]}]}]}<\/script>\n<!-- \/ Yoast SEO Premium plugin. -->","_links":{"self":[{"href":"https:\/\/radwag-merleg.hu\/hu\/wp-json\/wp\/v2\/pages\/10854"}],"collection":[{"href":"https:\/\/radwag-merleg.hu\/hu\/wp-json\/wp\/v2\/pages"}],"about":[{"href":"https:\/\/radwag-merleg.hu\/hu\/wp-json\/wp\/v2\/types\/page"}],"author":[{"embeddable":true,"href":"https:\/\/radwag-merleg.hu\/hu\/wp-json\/wp\/v2\/users\/1"}],"replies":[{"embeddable":true,"href":"https:\/\/radwag-merleg.hu\/hu\/wp-json\/wp\/v2\/comments?post=10854"}],"version-history":[{"count":3,"href":"https:\/\/radwag-merleg.hu\/hu\/wp-json\/wp\/v2\/pages\/10854\/revisions"}],"predecessor-version":[{"id":10859,"href":"https:\/\/radwag-merleg.hu\/hu\/wp-json\/wp\/v2\/pages\/10854\/revisions\/10859"}],"wp:attachment":[{"href":"https:\/\/radwag-merleg.hu\/hu\/wp-json\/wp\/v2\/media?parent=10854"}],"curies":[{"name":"wp","href":"https:\/\/api.w.org\/{rel}","templated":true}]}}