{"id":1015,"date":"2018-12-20T11:50:18","date_gmt":"2018-12-20T10:50:18","guid":{"rendered":"https:\/\/radwag-merleg.hu\/?page_id=1015"},"modified":"2018-12-20T11:55:45","modified_gmt":"2018-12-20T10:55:45","slug":"emalog-history","status":"publish","type":"page","link":"https:\/\/radwag-merleg.hu\/hu\/emalog-history\/","title":{"rendered":"EMALOG History"},"content":{"rendered":"<p>Az EMALOG Kft. t\u00f6rt\u00e9nete r\u00f6viden<br \/>\n1982 \u00e1prilis\u00e1ban megalakult az EMALOG Gmk.<\/p>\n<p>Alap\u00edt\u00f3k: Vogel L\u00e1szl\u00f3 \u00e9s Gy\u00fcr\u00fc G\u00e9za villamosm\u00e9rn\u00f6k\u00f6k<\/p>\n<p>A c\u00e9g nev\u00e9nek magyar\u00e1zata:Elektronika, M\u00e9r\u00e9stechnika, Automatiz\u00e1l\u00e1s, a LOG &#8220;azaz logosz&#8221; pedig az \u00e9rtelemre utal.<\/p>\n<p>A fejl\u0151d\u00e9s 1986-ig t\u00f6retlennek bizonyult: \u00e9vi \u00e1tlag 300% \u00e1rbev\u00e9tel n\u00f6veked\u00e9s, jelent\u0151s export sz\u00e1m\u00edt\u00f3g\u00e9p-vez\u00e9relt m\u00e9r\u0151rendszerekb\u0151l (KGST orsz\u00e1gokba). Az Emalog saj\u00e1t Intel kompatibilis sz\u00e1m\u00edt\u00f3g\u00e9ppel jelent meg a piacon (ISIS oper\u00e1ci\u00f3s rendszerrel).<\/p>\n<p>1986-ban a Gmk. 15 tagja megalak\u00edtotta az EMALOG Kissz\u00f6vetkezetet, amelyben 1990-re m\u00e1r 25 munkat\u00e1rs dolgozott.<\/p>\n<p>1987-ben megkezd\u0151d\u00f6tt, a m\u00e9rlegtechnikai eszk\u00f6z\u00f6k fejleszt\u00e9se \u00e9s kereskedelme.<\/p>\n<p>1990-ben a c\u00e9g elvesztette piacainak nagy r\u00e9sz\u00e9t, majd 1991-ben r\u00e9szekre bomlott.<\/p>\n<p>1992-ben a k\u00fclf\u00f6ldi kapcsolatok tov\u00e1bbi \u00e1pol\u00e1s\u00e1val \u00e9s a h\u00e1tra maradt garanci\u00e1lis k\u00f6telezetts\u00e9gek \u00e1tv\u00e1llal\u00e1s\u00e1val csal\u00e1di v\u00e1llalkoz\u00e1sk\u00e9nt megalakult az EMALOG Kft. Vogel L\u00e1szl\u00f3 tulajdonos \u00fcgyvezet\u00e9s\u00e9vel.<\/p>\n<p>1992 &#8211; 2000 k\u00f6z\u00f6tt a c\u00e9g profilj\u00e1t a k\u00f6vetkez\u0151k jellemezt\u00e9k: k\u00fclf\u00f6ldi c\u00e9gek k\u00e9pviselete illetve disztrib\u00fatori tev\u00e9kenys\u00e9g f\u0151leg elektronikus m\u00e9rlegek jelfeldolgoz\u00f3-kijelz\u0151 egys\u00e9geinek importj\u00e1val. A gyakran felmer\u00fcl\u0151 egyedi ig\u00e9nyek kiel\u00e9g\u00edt\u00e9s\u00e9re fokozatosan gyakorlatt\u00e1 v\u00e1lt az elektronikus m\u00e9rlegek teherfelvev\u0151 egys\u00e9geinek tervez\u00e9se \u00e9s gy\u00e1rt\u00e1sa hazai partnerc\u00e9gek bevon\u00e1s\u00e1val.<\/p>\n<p>2000-ben az \u00faj gener\u00e1ci\u00f3 k\u00e9pvisel\u0151inek, Vogel Mikl\u00f3snak \u00e9s Vogel Krist\u00f3fnak a bel\u00e9p\u00e9s\u00e9vel tov\u00e1bb\u00e1 a Vajda Ferenc \u00e1ltal ir\u00e1ny\u00edtott szoftverfejleszt\u0151 r\u00e9szleg l\u00e9trehoz\u00e1s\u00e1val megkezd\u0151d\u00f6tt egy lend\u00fcletes gy\u00e1rtm\u00e1nyfejleszt\u00e9s, amelynek eredm\u00e9nyek\u00e9nt hamarosan az Emalog az USA egyik piacvezet\u0151 c\u00e9g\u00e9t\u0151l kapott megb\u00edz\u00e1st m\u00e9rlegm\u0171szerek fejleszt\u00e9s\u00e9re.<\/p>\n<p>2003 \u00e1prilis\u00e1ban az EMALOG fejleszt\u0151 csapata, Vogel Mikl\u00f3s, Vajda Ferenc, D\u00e1vid G\u00e1bor els\u0151 d\u00edjat nyert az IMFA &#8220;Az \u00e9v kiemelked\u0151 fiatal m\u0171szaki alkot\u00f3ja&#8221; c\u00edm\u0171 p\u00e1ly\u00e1zat\u00e1n.<\/p>\n","protected":false},"excerpt":{"rendered":"<p>Az EMALOG Kft. t\u00f6rt\u00e9nete r\u00f6viden 1982 \u00e1prilis\u00e1ban megalakult az EMALOG Gmk. Alap\u00edt\u00f3k: Vogel L\u00e1szl\u00f3 \u00e9s Gy\u00fcr\u00fc G\u00e9za villamosm\u00e9rn\u00f6k\u00f6k A c\u00e9g nev\u00e9nek magyar\u00e1zata:Elektronika, M\u00e9r\u00e9stechnika, Automatiz\u00e1l\u00e1s, a LOG &#8220;azaz logosz&#8221; pedig az \u00e9rtelemre utal. A fejl\u0151d\u00e9s 1986-ig t\u00f6retlennek bizonyult: \u00e9vi \u00e1tlag 300% \u00e1rbev\u00e9tel n\u00f6veked\u00e9s, jelent\u0151s export sz\u00e1m\u00edt\u00f3g\u00e9p-vez\u00e9relt m\u00e9r\u0151rendszerekb\u0151l (KGST orsz\u00e1gokba). Az Emalog saj\u00e1t Intel kompatibilis sz\u00e1m\u00edt\u00f3g\u00e9ppel jelent<br \/><a class=\"more-link\" href=\"https:\/\/radwag-merleg.hu\/hu\/emalog-history\/\"><br \/>\n        Read More<span class=\"screen-reader-text\"> &#8220;EMALOG History&#8221;<\/span><\/a><\/p>\n","protected":false},"author":148,"featured_media":0,"parent":0,"menu_order":0,"comment_status":"closed","ping_status":"closed","template":"","meta":{"ngg_post_thumbnail":0},"yoast_head":"<!-- This site is optimized with the Yoast SEO Premium plugin v15.6.2 - https:\/\/yoast.com\/wordpress\/plugins\/seo\/ -->\n<title>EMALOG History - Radwag m\u00e9rlegek<\/title>\n<meta name=\"robots\" content=\"index, follow, max-snippet:-1, max-image-preview:large, max-video-preview:-1\" \/>\n<link rel=\"canonical\" href=\"https:\/\/radwag-merleg.hu\/hu\/emalog-history\/\" \/>\n<meta property=\"og:locale\" content=\"hu_HU\" \/>\n<meta property=\"og:type\" content=\"article\" \/>\n<meta property=\"og:title\" content=\"EMALOG History - Radwag m\u00e9rlegek\" \/>\n<meta property=\"og:description\" content=\"Az EMALOG Kft. t\u00f6rt\u00e9nete r\u00f6viden 1982 \u00e1prilis\u00e1ban megalakult az EMALOG Gmk. Alap\u00edt\u00f3k: Vogel L\u00e1szl\u00f3 \u00e9s Gy\u00fcr\u00fc G\u00e9za villamosm\u00e9rn\u00f6k\u00f6k A c\u00e9g nev\u00e9nek magyar\u00e1zata:Elektronika, M\u00e9r\u00e9stechnika, Automatiz\u00e1l\u00e1s, a LOG &#8220;azaz logosz&#8221; pedig az \u00e9rtelemre utal. A fejl\u0151d\u00e9s 1986-ig t\u00f6retlennek bizonyult: \u00e9vi \u00e1tlag 300% \u00e1rbev\u00e9tel n\u00f6veked\u00e9s, jelent\u0151s export sz\u00e1m\u00edt\u00f3g\u00e9p-vez\u00e9relt m\u00e9r\u0151rendszerekb\u0151l (KGST orsz\u00e1gokba). Az Emalog saj\u00e1t Intel kompatibilis sz\u00e1m\u00edt\u00f3g\u00e9ppel jelent     Read More &quot;EMALOG History&quot;\" \/>\n<meta property=\"og:url\" content=\"https:\/\/radwag-merleg.hu\/hu\/emalog-history\/\" \/>\n<meta property=\"og:site_name\" content=\"Radwag m\u00e9rlegek\" \/>\n<meta property=\"article:modified_time\" content=\"2018-12-20T10:55:45+00:00\" \/>\n<meta name=\"twitter:card\" content=\"summary_large_image\" \/>\n<meta name=\"twitter:label1\" content=\"Est. reading time\">\n\t<meta name=\"twitter:data1\" content=\"2 perc\">\n<script type=\"application\/ld+json\" class=\"yoast-schema-graph\">{\"@context\":\"https:\/\/schema.org\",\"@graph\":[{\"@type\":\"Organization\",\"@id\":\"https:\/\/radwag-merleg.hu\/hu\/#organization\",\"name\":\"EMALOG Kft.\",\"url\":\"https:\/\/radwag-merleg.hu\/hu\/\",\"sameAs\":[],\"logo\":{\"@type\":\"ImageObject\",\"@id\":\"https:\/\/radwag-merleg.hu\/hu\/#logo\",\"inLanguage\":\"hu\",\"url\":\"https:\/\/radwag-merleg.hu\/wp-content\/uploads\/sites\/3\/2024\/02\/emalog-yellow.png\",\"width\":600,\"height\":600,\"caption\":\"EMALOG Kft.\"},\"image\":{\"@id\":\"https:\/\/radwag-merleg.hu\/hu\/#logo\"}},{\"@type\":\"WebSite\",\"@id\":\"https:\/\/radwag-merleg.hu\/hu\/#website\",\"url\":\"https:\/\/radwag-merleg.hu\/hu\/\",\"name\":\"Radwag m\\u00e9rlegek\",\"description\":\"prec\\u00edzi\\u00f3s \\u00e9s analitikai m\\u00e9rlegek az EMALOG Kft. k\\u00edn\\u00e1lat\\u00e1ban\",\"publisher\":{\"@id\":\"https:\/\/radwag-merleg.hu\/hu\/#organization\"},\"potentialAction\":[{\"@type\":\"SearchAction\",\"target\":\"https:\/\/radwag-merleg.hu\/hu\/?s={search_term_string}\",\"query-input\":\"required name=search_term_string\"}],\"inLanguage\":\"hu\"},{\"@type\":\"WebPage\",\"@id\":\"https:\/\/radwag-merleg.hu\/hu\/emalog-history\/#webpage\",\"url\":\"https:\/\/radwag-merleg.hu\/hu\/emalog-history\/\",\"name\":\"EMALOG History - Radwag m\\u00e9rlegek\",\"isPartOf\":{\"@id\":\"https:\/\/radwag-merleg.hu\/hu\/#website\"},\"datePublished\":\"2018-12-20T10:50:18+00:00\",\"dateModified\":\"2018-12-20T10:55:45+00:00\",\"inLanguage\":\"hu\",\"potentialAction\":[{\"@type\":\"ReadAction\",\"target\":[\"https:\/\/radwag-merleg.hu\/hu\/emalog-history\/\"]}]}]}<\/script>\n<!-- \/ Yoast SEO Premium plugin. -->","_links":{"self":[{"href":"https:\/\/radwag-merleg.hu\/hu\/wp-json\/wp\/v2\/pages\/1015"}],"collection":[{"href":"https:\/\/radwag-merleg.hu\/hu\/wp-json\/wp\/v2\/pages"}],"about":[{"href":"https:\/\/radwag-merleg.hu\/hu\/wp-json\/wp\/v2\/types\/page"}],"author":[{"embeddable":true,"href":"https:\/\/radwag-merleg.hu\/hu\/wp-json\/wp\/v2\/users\/148"}],"replies":[{"embeddable":true,"href":"https:\/\/radwag-merleg.hu\/hu\/wp-json\/wp\/v2\/comments?post=1015"}],"version-history":[{"count":2,"href":"https:\/\/radwag-merleg.hu\/hu\/wp-json\/wp\/v2\/pages\/1015\/revisions"}],"predecessor-version":[{"id":1017,"href":"https:\/\/radwag-merleg.hu\/hu\/wp-json\/wp\/v2\/pages\/1015\/revisions\/1017"}],"wp:attachment":[{"href":"https:\/\/radwag-merleg.hu\/hu\/wp-json\/wp\/v2\/media?parent=1015"}],"curies":[{"name":"wp","href":"https:\/\/api.w.org\/{rel}","templated":true}]}}