{"id":1011,"date":"2018-12-20T11:43:38","date_gmt":"2018-12-20T10:43:38","guid":{"rendered":"https:\/\/radwag-merleg.hu\/?page_id=1011"},"modified":"2018-12-20T11:47:10","modified_gmt":"2018-12-20T10:47:10","slug":"emalog-company","status":"publish","type":"page","link":"https:\/\/radwag-merleg.hu\/hu\/emalog-company\/","title":{"rendered":"EMALOG Company"},"content":{"rendered":"<p>N\u00e9h\u00e1ny mondat az EMALOG Kft.-r\u0151l<br \/>\nAz Emalog Kft. 1992 \u00f3ta foglalkozik m\u00e9rlegtechnikai r\u00e9szegys\u00e9gek \u00e9s rendszerek forgalmaz\u00e1s\u00e1val. 2000-ben l\u00e9trehozott fejleszt\u0151r\u00e9szleg\u00fcnknek k\u00f6sz\u00f6nhet\u0151en m\u00e1ra d\u00f6nt\u0151en saj\u00e1t elektronikus m\u0171szereinkre \u00e9p\u00fcl\u0151 megold\u00e1sokat k\u00edn\u00e1lhatunk az ipari m\u00e9rlegtechnika szinte minden ter\u00fclet\u00e9n. Tev\u00e9kenys\u00e9g\u00fcnk a k\u00f6vetkez\u0151kben foglalhat\u00f3 \u00f6ssze:<\/p>\n<p>Univerz\u00e1lis ipari m\u00e9rlegm\u0171szerek gy\u00e1rt\u00e1sa \u00e9s forgalmaz\u00e1sa<br \/>\nIpari m\u00e9rlegek \u00e9s kapcsol\u00f3d\u00f3 ir\u00e1ny\u00edt\u00e1stechnikai rendszerek tervez\u00e9se \u00e9s kivitelez\u00e9se<br \/>\nM\u00e9rlegcell\u00e1k, be\u00e9p\u00edt\u0151 szerelv\u00e9nyek \u00e9s egy\u00e9b alkatr\u00e9szek forgalmaz\u00e1sa<br \/>\nElektronikai fejleszt\u00e9s m\u00e9rleggy\u00e1rt\u00f3k sz\u00e1m\u00e1ra<br \/>\nSzaktan\u00e1csad\u00e1s<br \/>\nK\u00e9pviselt k\u00fclf\u00f6ldi c\u00e9gek:<\/p>\n<p>Saj\u00e1t m\u0171szereink eset\u00e9ben nagy hangs\u00falyt fektet\u00fcnk a kommunik\u00e1ci\u00f3s lehet\u0151s\u00e9gek b\u0151v\u00edt\u00e9s\u00e9re, t\u00e1vfel\u00fcgyeleti szolg\u00e1ltat\u00e1sok ki\u00e9p\u00edt\u00e9s\u00e9re. Korszer\u0171 megold\u00e1sokkal, ingyenes szoftverekkel igyeksz\u00fcnk megk\u00f6nny\u00edteni partnereink sz\u00e1m\u00e1ra a telep\u00edt\u00e9ssel j\u00e1r\u00f3 munk\u00e1t.<\/p>\n<p>Kereskedelmi tev\u00e9kenys\u00e9g\u00fcnkkel els\u0151sorban a hazai m\u00e9rleg\u00e9p\u00edt\u0151 c\u00e9gek alkatr\u00e9szell\u00e1t\u00e1s\u00e1t k\u00edv\u00e1njuk biztos\u00edtani.<\/p>\n<p>Term\u00e9keink m\u0171szaki sz\u00ednvonal\u00e1nak fontos visszaigazol\u00e1s\u00e1t l\u00e1tjuk abban, hogy c\u00e9g\u00fcnk 2001-ben teljes k\u00f6r\u0171 term\u00e9kfejleszt\u00e9sre kapott megb\u00edz\u00e1st az USA egyik vezet\u0151 m\u00e9rleggy\u00e1rt\u00f3 c\u00e9g\u00e9t\u0151l. Az ut\u00f3bbi k\u00e9t \u00e9vben sz\u00e1mos sikeres l\u00e9p\u00e9st tett\u00fcnk export tev\u00e9kenys\u00e9g\u00fcnk fejleszt\u00e9s\u00e9re, melyben jelent\u0151s szerepet sz\u00e1nunk a hazai gy\u00e1rt\u00f3kapacit\u00e1s ig\u00e9nybev\u00e9tel\u00e9nek.<\/p>\n","protected":false},"excerpt":{"rendered":"<p>N\u00e9h\u00e1ny mondat az EMALOG Kft.-r\u0151l Az Emalog Kft. 1992 \u00f3ta foglalkozik m\u00e9rlegtechnikai r\u00e9szegys\u00e9gek \u00e9s rendszerek forgalmaz\u00e1s\u00e1val. 2000-ben l\u00e9trehozott fejleszt\u0151r\u00e9szleg\u00fcnknek k\u00f6sz\u00f6nhet\u0151en m\u00e1ra d\u00f6nt\u0151en saj\u00e1t elektronikus m\u0171szereinkre \u00e9p\u00fcl\u0151 megold\u00e1sokat k\u00edn\u00e1lhatunk az ipari m\u00e9rlegtechnika szinte minden ter\u00fclet\u00e9n. Tev\u00e9kenys\u00e9g\u00fcnk a k\u00f6vetkez\u0151kben foglalhat\u00f3 \u00f6ssze: Univerz\u00e1lis ipari m\u00e9rlegm\u0171szerek gy\u00e1rt\u00e1sa \u00e9s forgalmaz\u00e1sa Ipari m\u00e9rlegek \u00e9s kapcsol\u00f3d\u00f3 ir\u00e1ny\u00edt\u00e1stechnikai rendszerek tervez\u00e9se \u00e9s kivitelez\u00e9se M\u00e9rlegcell\u00e1k,<br \/><a class=\"more-link\" href=\"https:\/\/radwag-merleg.hu\/hu\/emalog-company\/\"><br \/>\n        Read More<span class=\"screen-reader-text\"> &#8220;EMALOG Company&#8221;<\/span><\/a><\/p>\n","protected":false},"author":148,"featured_media":0,"parent":0,"menu_order":0,"comment_status":"closed","ping_status":"closed","template":"","meta":{"ngg_post_thumbnail":0},"yoast_head":"<!-- This site is optimized with the Yoast SEO Premium plugin v15.6.2 - https:\/\/yoast.com\/wordpress\/plugins\/seo\/ -->\n<title>EMALOG Company - Radwag m\u00e9rlegek<\/title>\n<meta name=\"robots\" content=\"index, follow, max-snippet:-1, max-image-preview:large, max-video-preview:-1\" \/>\n<link rel=\"canonical\" href=\"https:\/\/radwag-merleg.hu\/hu\/emalog-company\/\" \/>\n<meta property=\"og:locale\" content=\"hu_HU\" \/>\n<meta property=\"og:type\" content=\"article\" \/>\n<meta property=\"og:title\" content=\"EMALOG Company - Radwag m\u00e9rlegek\" \/>\n<meta property=\"og:description\" content=\"N\u00e9h\u00e1ny mondat az EMALOG Kft.-r\u0151l Az Emalog Kft. 1992 \u00f3ta foglalkozik m\u00e9rlegtechnikai r\u00e9szegys\u00e9gek \u00e9s rendszerek forgalmaz\u00e1s\u00e1val. 2000-ben l\u00e9trehozott fejleszt\u0151r\u00e9szleg\u00fcnknek k\u00f6sz\u00f6nhet\u0151en m\u00e1ra d\u00f6nt\u0151en saj\u00e1t elektronikus m\u0171szereinkre \u00e9p\u00fcl\u0151 megold\u00e1sokat k\u00edn\u00e1lhatunk az ipari m\u00e9rlegtechnika szinte minden ter\u00fclet\u00e9n. Tev\u00e9kenys\u00e9g\u00fcnk a k\u00f6vetkez\u0151kben foglalhat\u00f3 \u00f6ssze: Univerz\u00e1lis ipari m\u00e9rlegm\u0171szerek gy\u00e1rt\u00e1sa \u00e9s forgalmaz\u00e1sa Ipari m\u00e9rlegek \u00e9s kapcsol\u00f3d\u00f3 ir\u00e1ny\u00edt\u00e1stechnikai rendszerek tervez\u00e9se \u00e9s kivitelez\u00e9se M\u00e9rlegcell\u00e1k,     Read More &quot;EMALOG Company&quot;\" \/>\n<meta property=\"og:url\" content=\"https:\/\/radwag-merleg.hu\/hu\/emalog-company\/\" \/>\n<meta property=\"og:site_name\" content=\"Radwag m\u00e9rlegek\" \/>\n<meta property=\"article:modified_time\" content=\"2018-12-20T10:47:10+00:00\" \/>\n<meta name=\"twitter:card\" content=\"summary_large_image\" \/>\n<meta name=\"twitter:label1\" content=\"Est. reading time\">\n\t<meta name=\"twitter:data1\" content=\"1 perc\">\n<script type=\"application\/ld+json\" class=\"yoast-schema-graph\">{\"@context\":\"https:\/\/schema.org\",\"@graph\":[{\"@type\":\"Organization\",\"@id\":\"https:\/\/radwag-merleg.hu\/hu\/#organization\",\"name\":\"EMALOG Kft.\",\"url\":\"https:\/\/radwag-merleg.hu\/hu\/\",\"sameAs\":[],\"logo\":{\"@type\":\"ImageObject\",\"@id\":\"https:\/\/radwag-merleg.hu\/hu\/#logo\",\"inLanguage\":\"hu\",\"url\":\"https:\/\/radwag-merleg.hu\/wp-content\/uploads\/sites\/3\/2024\/02\/emalog-yellow.png\",\"width\":600,\"height\":600,\"caption\":\"EMALOG Kft.\"},\"image\":{\"@id\":\"https:\/\/radwag-merleg.hu\/hu\/#logo\"}},{\"@type\":\"WebSite\",\"@id\":\"https:\/\/radwag-merleg.hu\/hu\/#website\",\"url\":\"https:\/\/radwag-merleg.hu\/hu\/\",\"name\":\"Radwag m\\u00e9rlegek\",\"description\":\"prec\\u00edzi\\u00f3s \\u00e9s analitikai m\\u00e9rlegek az EMALOG Kft. k\\u00edn\\u00e1lat\\u00e1ban\",\"publisher\":{\"@id\":\"https:\/\/radwag-merleg.hu\/hu\/#organization\"},\"potentialAction\":[{\"@type\":\"SearchAction\",\"target\":\"https:\/\/radwag-merleg.hu\/hu\/?s={search_term_string}\",\"query-input\":\"required name=search_term_string\"}],\"inLanguage\":\"hu\"},{\"@type\":\"WebPage\",\"@id\":\"https:\/\/radwag-merleg.hu\/hu\/emalog-company\/#webpage\",\"url\":\"https:\/\/radwag-merleg.hu\/hu\/emalog-company\/\",\"name\":\"EMALOG Company - Radwag m\\u00e9rlegek\",\"isPartOf\":{\"@id\":\"https:\/\/radwag-merleg.hu\/hu\/#website\"},\"datePublished\":\"2018-12-20T10:43:38+00:00\",\"dateModified\":\"2018-12-20T10:47:10+00:00\",\"inLanguage\":\"hu\",\"potentialAction\":[{\"@type\":\"ReadAction\",\"target\":[\"https:\/\/radwag-merleg.hu\/hu\/emalog-company\/\"]}]}]}<\/script>\n<!-- \/ Yoast SEO Premium plugin. -->","_links":{"self":[{"href":"https:\/\/radwag-merleg.hu\/hu\/wp-json\/wp\/v2\/pages\/1011"}],"collection":[{"href":"https:\/\/radwag-merleg.hu\/hu\/wp-json\/wp\/v2\/pages"}],"about":[{"href":"https:\/\/radwag-merleg.hu\/hu\/wp-json\/wp\/v2\/types\/page"}],"author":[{"embeddable":true,"href":"https:\/\/radwag-merleg.hu\/hu\/wp-json\/wp\/v2\/users\/148"}],"replies":[{"embeddable":true,"href":"https:\/\/radwag-merleg.hu\/hu\/wp-json\/wp\/v2\/comments?post=1011"}],"version-history":[{"count":1,"href":"https:\/\/radwag-merleg.hu\/hu\/wp-json\/wp\/v2\/pages\/1011\/revisions"}],"predecessor-version":[{"id":1012,"href":"https:\/\/radwag-merleg.hu\/hu\/wp-json\/wp\/v2\/pages\/1011\/revisions\/1012"}],"wp:attachment":[{"href":"https:\/\/radwag-merleg.hu\/hu\/wp-json\/wp\/v2\/media?parent=1011"}],"curies":[{"name":"wp","href":"https:\/\/api.w.org\/{rel}","templated":true}]}}